{"id":39,"date":"2013-03-29T15:42:59","date_gmt":"2013-03-29T13:42:59","guid":{"rendered":"http:\/\/sukuseuraviljakainen.net\/wordpress\/?page_id=39"},"modified":"2016-04-09T15:41:53","modified_gmt":"2016-04-09T12:41:53","slug":"sukuseuran-jaseneksi","status":"publish","type":"page","link":"http:\/\/sukuseuraviljakainen.net\/?page_id=39","title":{"rendered":"J\u00e4seneksi"},"content":{"rendered":"<p><b>Miten j\u00e4seneksi?<\/b><b><\/b><\/p>\n<p>Sukuseuran j\u00e4seneksi p\u00e4\u00e4sev\u00e4t kaikki 18 vuotta t\u00e4ytt\u00e4neet henkil\u00f6t, jotka polveutuvat Viljakaisten suvun esi-is\u00e4st\u00e4. My\u00f6s avio- tai avoliiton perusteella sukuun liittynyt voi olla j\u00e4sen. Kannattava j\u00e4sen voi olla yksityinen henkil\u00f6 tai yhteis\u00f6, joka haluaa tukea yhdistyst\u00e4. Lis\u00e4tietoja yhdistyksen <a href=\"http:\/\/sukuseuraviljakainen.net\/?page_id=2\">s\u00e4\u00e4nn\u00f6iss\u00e4<\/a>.<\/p>\n<p>Vuotuinen j\u00e4senmaksu on <b>20 \u20ac \/hl\u00f6<\/b>.<\/p>\n<p>J\u00e4seneksi p\u00e4\u00e4set ilmoittamalla henkil\u00f6tietosi\u00a0sukuseuran s\u00e4hk\u00f6postiosoitteeseen info@sukuseuraviljakainen.net tai ottamalla yhteytt\u00e4 <a title=\"Yhteystiedot\" href=\"http:\/\/sukuseuraviljakainen.net\/?page_id=43\">yhteyshenkil\u00f6ihin<\/a>.<\/p>\n<p><b>J\u00e4senrekisteri<\/b><b><\/b><\/p>\n<p>Muistathan ilmoittaa muuttuneet osoite- ja muut henkil\u00f6tiedot sukuseuran <a title=\"Yhteystiedot\" href=\"http:\/\/sukuseuraviljakainen.net\/?page_id=43\">j\u00e4senasioiden hoitajalle<\/a>, jotta voimme yll\u00e4pit\u00e4\u00e4 ajantasaista j\u00e4senrekisteri\u00e4 ja l\u00e4hett\u00e4\u00e4 postia oikeisiin osoitteisiin. Jos haluat, ett\u00e4 merkkip\u00e4iv\u00e4si julkaistaan sukulehdess\u00e4, niin ilmoitathan siit\u00e4 samalla.<\/p>\n","protected":false},"excerpt":{"rendered":"<p>Miten j\u00e4seneksi? Sukuseuran j\u00e4seneksi p\u00e4\u00e4sev\u00e4t kaikki 18 vuotta t\u00e4ytt\u00e4neet henkil\u00f6t, jotka polveutuvat Viljakaisten suvun esi-is\u00e4st\u00e4. My\u00f6s avio- tai avoliiton perusteella sukuun liittynyt voi olla j\u00e4sen. Kannattava j\u00e4sen voi olla yksityinen henkil\u00f6 tai yhteis\u00f6, joka haluaa tukea yhdistyst\u00e4. Lis\u00e4tietoja yhdistyksen s\u00e4\u00e4nn\u00f6iss\u00e4. Vuotuinen j\u00e4senmaksu on 20 \u20ac \/hl\u00f6. J\u00e4seneksi p\u00e4\u00e4set ilmoittamalla henkil\u00f6tietosi\u00a0sukuseuran s\u00e4hk\u00f6postiosoitteeseen info@sukuseuraviljakainen.net tai ottamalla yhteytt\u00e4 [&hellip;]<\/p>\n","protected":false},"author":1,"featured_media":0,"parent":0,"menu_order":4,"comment_status":"closed","ping_status":"closed","template":"page-templates\/front-page.php","meta":{"footnotes":""},"class_list":["post-39","page","type-page","status-publish","hentry"],"_links":{"self":[{"href":"http:\/\/sukuseuraviljakainen.net\/index.php?rest_route=\/wp\/v2\/pages\/39","targetHints":{"allow":["GET"]}}],"collection":[{"href":"http:\/\/sukuseuraviljakainen.net\/index.php?rest_route=\/wp\/v2\/pages"}],"about":[{"href":"http:\/\/sukuseuraviljakainen.net\/index.php?rest_route=\/wp\/v2\/types\/page"}],"author":[{"embeddable":true,"href":"http:\/\/sukuseuraviljakainen.net\/index.php?rest_route=\/wp\/v2\/users\/1"}],"replies":[{"embeddable":true,"href":"http:\/\/sukuseuraviljakainen.net\/index.php?rest_route=%2Fwp%2Fv2%2Fcomments&post=39"}],"version-history":[{"count":11,"href":"http:\/\/sukuseuraviljakainen.net\/index.php?rest_route=\/wp\/v2\/pages\/39\/revisions"}],"predecessor-version":[{"id":188,"href":"http:\/\/sukuseuraviljakainen.net\/index.php?rest_route=\/wp\/v2\/pages\/39\/revisions\/188"}],"wp:attachment":[{"href":"http:\/\/sukuseuraviljakainen.net\/index.php?rest_route=%2Fwp%2Fv2%2Fmedia&parent=39"}],"curies":[{"name":"wp","href":"https:\/\/api.w.org\/{rel}","templated":true}]}}