{"id":389,"date":"2024-07-14T21:34:43","date_gmt":"2024-07-14T18:34:43","guid":{"rendered":"http:\/\/sukuseuraviljakainen.net\/?page_id=389"},"modified":"2024-07-14T21:41:17","modified_gmt":"2024-07-14T18:41:17","slug":"tervetuloa-sukupaivaan-anttolaan","status":"publish","type":"page","link":"http:\/\/sukuseuraviljakainen.net\/?page_id=389","title":{"rendered":"Sukup\u00e4iv\u00e4 2024"},"content":{"rendered":"\n<p><strong>Tervetuloa sukup\u00e4iv\u00e4\u00e4n Anttolaan!<\/strong><\/p>\n\n\n\n<p><strong>Sukuseura Viljakainen ry kutsuu Viljakaiset sukup\u00e4iv\u00e4\u00e4n ja s\u00e4\u00e4nt\u00f6m\u00e4\u00e4r\u00e4iseen vuosikokoukseen la 3.8.2024 Ollinm\u00e4en Viinitilalle Anttolaan (Anttolantie 1640).<\/strong><\/p>\n\n\n\n<p><a><strong>SUKUP\u00c4IV\u00c4N OHJELMA:<\/strong><\/a><\/p>\n\n\n\n<p>klo 12.00&nbsp;&nbsp;&nbsp;&nbsp;&nbsp; Ilmoittautuminen sukup\u00e4iv\u00e4\u00e4n<\/p>\n\n\n\n<p>klo 12.30&nbsp;&nbsp;&nbsp;&nbsp;&nbsp; Lounas noutop\u00f6yd\u00e4st\u00e4<\/p>\n\n\n\n<p>klo 14.00&nbsp;&nbsp;&nbsp;&nbsp;&nbsp; S\u00e4\u00e4nt\u00f6m\u00e4\u00e4r\u00e4inen vuosikokous<\/p>\n\n\n\n<p>klo 15.00&nbsp;&nbsp;&nbsp;&nbsp;&nbsp; T\u00e4ytekakkukahvit<\/p>\n\n\n\n<p>klo 15.45&nbsp;&nbsp;&nbsp;&nbsp;&nbsp; Yhteiskuva<\/p>\n\n\n\n<p>klo 16.00&nbsp;&nbsp;&nbsp;&nbsp;&nbsp; Viinitilan esittely maistiaisineen<\/p>\n\n\n\n<p>klo 17.30&nbsp;&nbsp;&nbsp;&nbsp;&nbsp; Orkesteri soittaa tanssimusiikkia ja tanssit<\/p>\n\n\n\n<p>Yksityistilaisuus p\u00e4\u00e4ttyy klo 21<\/p>\n\n\n\n<p><strong>Osallistumismaksu aikuisilta 50 \u20ac\/hl\u00f6, lapset 4-16 v. 25 \u20ac\/hl\u00f6 ja alle 4-vuotiaat ilmaiseksi. <\/strong>Ilmoitathan mahdolliset ruoka-aineallergiat ilmoittautumisen yhteydess\u00e4. Maksun voit suorittaa etuk\u00e4teen kestoviitenumeroasi k\u00e4ytt\u00e4en Sukuseura Viljakainen ry:n tilille Joroisten Oma S\u00e4\u00e4st\u00f6pankki FI75 4108 0011 3701 48.<\/p>\n\n\n\n<p><strong>Ilmoittautumiset pe 19.7.2024 menness\u00e4:<\/strong> Paula Pulliainen p. 044 972 5405 tai Terttu Parkkonen p. 050 345 4378 tai info@sukuseuraviljakainen.net (Eveliina Kautto).<\/p>\n\n\n\n<p><strong><em>Sukuseura Viljakainen ry hallitus<\/em><\/strong><\/p>\n","protected":false},"excerpt":{"rendered":"<p>Tervetuloa sukup\u00e4iv\u00e4\u00e4n Anttolaan! Sukuseura Viljakainen ry kutsuu Viljakaiset sukup\u00e4iv\u00e4\u00e4n ja s\u00e4\u00e4nt\u00f6m\u00e4\u00e4r\u00e4iseen vuosikokoukseen la 3.8.2024 Ollinm\u00e4en Viinitilalle Anttolaan (Anttolantie 1640). SUKUP\u00c4IV\u00c4N OHJELMA: klo 12.00&nbsp;&nbsp;&nbsp;&nbsp;&nbsp; Ilmoittautuminen sukup\u00e4iv\u00e4\u00e4n klo 12.30&nbsp;&nbsp;&nbsp;&nbsp;&nbsp; Lounas noutop\u00f6yd\u00e4st\u00e4 klo 14.00&nbsp;&nbsp;&nbsp;&nbsp;&nbsp; S\u00e4\u00e4nt\u00f6m\u00e4\u00e4r\u00e4inen vuosikokous klo 15.00&nbsp;&nbsp;&nbsp;&nbsp;&nbsp; T\u00e4ytekakkukahvit klo 15.45&nbsp;&nbsp;&nbsp;&nbsp;&nbsp; Yhteiskuva klo 16.00&nbsp;&nbsp;&nbsp;&nbsp;&nbsp; Viinitilan esittely maistiaisineen klo 17.30&nbsp;&nbsp;&nbsp;&nbsp;&nbsp; Orkesteri soittaa tanssimusiikkia ja tanssit Yksityistilaisuus p\u00e4\u00e4ttyy klo 21 [&hellip;]<\/p>\n","protected":false},"author":1,"featured_media":0,"parent":10,"menu_order":0,"comment_status":"closed","ping_status":"closed","template":"","meta":{"footnotes":""},"class_list":["post-389","page","type-page","status-publish","hentry"],"_links":{"self":[{"href":"http:\/\/sukuseuraviljakainen.net\/index.php?rest_route=\/wp\/v2\/pages\/389","targetHints":{"allow":["GET"]}}],"collection":[{"href":"http:\/\/sukuseuraviljakainen.net\/index.php?rest_route=\/wp\/v2\/pages"}],"about":[{"href":"http:\/\/sukuseuraviljakainen.net\/index.php?rest_route=\/wp\/v2\/types\/page"}],"author":[{"embeddable":true,"href":"http:\/\/sukuseuraviljakainen.net\/index.php?rest_route=\/wp\/v2\/users\/1"}],"replies":[{"embeddable":true,"href":"http:\/\/sukuseuraviljakainen.net\/index.php?rest_route=%2Fwp%2Fv2%2Fcomments&post=389"}],"version-history":[{"count":3,"href":"http:\/\/sukuseuraviljakainen.net\/index.php?rest_route=\/wp\/v2\/pages\/389\/revisions"}],"predecessor-version":[{"id":393,"href":"http:\/\/sukuseuraviljakainen.net\/index.php?rest_route=\/wp\/v2\/pages\/389\/revisions\/393"}],"up":[{"embeddable":true,"href":"http:\/\/sukuseuraviljakainen.net\/index.php?rest_route=\/wp\/v2\/pages\/10"}],"wp:attachment":[{"href":"http:\/\/sukuseuraviljakainen.net\/index.php?rest_route=%2Fwp%2Fv2%2Fmedia&parent=389"}],"curies":[{"name":"wp","href":"https:\/\/api.w.org\/{rel}","templated":true}]}}