{"id":250,"date":"2017-03-25T19:11:28","date_gmt":"2017-03-25T17:11:28","guid":{"rendered":"http:\/\/sukuseuraviljakainen.net\/?page_id=250"},"modified":"2024-07-14T21:41:48","modified_gmt":"2024-07-14T18:41:48","slug":"sukupaiva-2017","status":"publish","type":"page","link":"http:\/\/sukuseuraviljakainen.net\/?page_id=250","title":{"rendered":"Sukup\u00e4iv\u00e4 2023"},"content":{"rendered":"<p><strong>Tervetuloa sukup\u00e4iv\u00e4\u00e4n Rantasalmelle!<\/strong><\/p>\n<p><strong>Sukuseura Viljakainen ry kutsuu Viljakaiset sukup\u00e4iv\u00e4\u00e4n ja s\u00e4\u00e4nt\u00f6m\u00e4\u00e4r\u00e4iseen vuosikokoukseen su 6.8.2023 Rantasalmelle Tuusm\u00e4en Tunnelilavalle (Tunnelilavantie 41).<\/strong><\/p>\n<p><strong>\u00a0<\/strong><strong>SUKUP\u00c4IV\u00c4N OHJELMA:<\/strong><\/p>\n<p>klo 12.00\u00a0\u00a0\u00a0\u00a0\u00a0 Ilmoittautuminen sukup\u00e4iv\u00e4\u00e4n<\/p>\n<p>klo 12.30\u00a0\u00a0\u00a0\u00a0\u00a0 Lounas noutop\u00f6yd\u00e4st\u00e4<\/p>\n<p>klo 13.45\u00a0\u00a0\u00a0\u00a0\u00a0 Yhteiskuva<\/p>\n<p>klo 14.00\u00a0\u00a0\u00a0\u00a0\u00a0 S\u00e4\u00e4nt\u00f6m\u00e4\u00e4r\u00e4inen vuosikokous<\/p>\n<p>klo 15.00\u00a0\u00a0\u00a0\u00a0\u00a0 T\u00e4ytekakkukahvit<\/p>\n<p>klo 15.30\u00a0\u00a0\u00a0\u00a0\u00a0 Esitelm\u00e4 Raudan valmistuksesta Rantasalmella<\/p>\n<p>klo 17.00\u00a0\u00a0\u00a0\u00a0\u00a0 Kes\u00e4teatteriesitys \u201dOnnellinen mies\u201d (v\u00e4liaikatarjoilu esityksen puolessa v\u00e4liss\u00e4)<\/p>\n<p>klo 19.30\u00a0\u00a0\u00a0\u00a0\u00a0 Vapaata jutustelua ja sukup\u00e4iv\u00e4 p\u00e4\u00e4ttyy<\/p>\n<p><strong>Osallistumismaksu aikuisilta 50 \u20ac\/hl\u00f6, lapset 4-16 v. 25 \u20ac\/hl\u00f6 ja alle 4-vuotiaat ilmaiseksi. <\/strong>Huom! V\u00e4liaikatarjoilu ei kuulu hintaan. Ilmoitathan mahdolliset ruoka-aineallergiat ilmoittautumisen yhteydess\u00e4. Maksun voit suorittaa etuk\u00e4teen kestoviitenumeroasi k\u00e4ytt\u00e4en Sukuseura Viljakainen ry:n tilille Joroisten Oma S\u00e4\u00e4st\u00f6pankki FI75 4108 0011 3701 48.<\/p>\n<p><strong>Ilmoittautumiset to 20.7.2023 menness\u00e4:<\/strong> Paula Pulliainen p. 044 972 5405 tai Terttu Parkkonen p. 050 345 4378 tai info@sukuseuraviljakainen.net (Eveliina Kautto).<\/p>\n<p><strong>\u00a0<\/strong><strong><em>Sukuseura Viljakainen ry hallitus<\/em><\/strong><\/p>\n\n\n<p><\/p>\n","protected":false},"excerpt":{"rendered":"<p>Tervetuloa sukup\u00e4iv\u00e4\u00e4n Rantasalmelle! Sukuseura Viljakainen ry kutsuu Viljakaiset sukup\u00e4iv\u00e4\u00e4n ja s\u00e4\u00e4nt\u00f6m\u00e4\u00e4r\u00e4iseen vuosikokoukseen su 6.8.2023 Rantasalmelle Tuusm\u00e4en Tunnelilavalle (Tunnelilavantie 41). \u00a0SUKUP\u00c4IV\u00c4N OHJELMA: klo 12.00\u00a0\u00a0\u00a0\u00a0\u00a0 Ilmoittautuminen sukup\u00e4iv\u00e4\u00e4n klo 12.30\u00a0\u00a0\u00a0\u00a0\u00a0 Lounas noutop\u00f6yd\u00e4st\u00e4 klo 13.45\u00a0\u00a0\u00a0\u00a0\u00a0 Yhteiskuva klo 14.00\u00a0\u00a0\u00a0\u00a0\u00a0 S\u00e4\u00e4nt\u00f6m\u00e4\u00e4r\u00e4inen vuosikokous klo 15.00\u00a0\u00a0\u00a0\u00a0\u00a0 T\u00e4ytekakkukahvit klo 15.30\u00a0\u00a0\u00a0\u00a0\u00a0 Esitelm\u00e4 Raudan valmistuksesta Rantasalmella klo 17.00\u00a0\u00a0\u00a0\u00a0\u00a0 Kes\u00e4teatteriesitys \u201dOnnellinen mies\u201d (v\u00e4liaikatarjoilu esityksen puolessa v\u00e4liss\u00e4) klo [&hellip;]<\/p>\n","protected":false},"author":1,"featured_media":0,"parent":10,"menu_order":1,"comment_status":"closed","ping_status":"closed","template":"page-templates\/full-width.php","meta":{"footnotes":""},"class_list":["post-250","page","type-page","status-publish","hentry"],"_links":{"self":[{"href":"http:\/\/sukuseuraviljakainen.net\/index.php?rest_route=\/wp\/v2\/pages\/250","targetHints":{"allow":["GET"]}}],"collection":[{"href":"http:\/\/sukuseuraviljakainen.net\/index.php?rest_route=\/wp\/v2\/pages"}],"about":[{"href":"http:\/\/sukuseuraviljakainen.net\/index.php?rest_route=\/wp\/v2\/types\/page"}],"author":[{"embeddable":true,"href":"http:\/\/sukuseuraviljakainen.net\/index.php?rest_route=\/wp\/v2\/users\/1"}],"replies":[{"embeddable":true,"href":"http:\/\/sukuseuraviljakainen.net\/index.php?rest_route=%2Fwp%2Fv2%2Fcomments&post=250"}],"version-history":[{"count":7,"href":"http:\/\/sukuseuraviljakainen.net\/index.php?rest_route=\/wp\/v2\/pages\/250\/revisions"}],"predecessor-version":[{"id":373,"href":"http:\/\/sukuseuraviljakainen.net\/index.php?rest_route=\/wp\/v2\/pages\/250\/revisions\/373"}],"up":[{"embeddable":true,"href":"http:\/\/sukuseuraviljakainen.net\/index.php?rest_route=\/wp\/v2\/pages\/10"}],"wp:attachment":[{"href":"http:\/\/sukuseuraviljakainen.net\/index.php?rest_route=%2Fwp%2Fv2%2Fmedia&parent=250"}],"curies":[{"name":"wp","href":"https:\/\/api.w.org\/{rel}","templated":true}]}}