{"id":2,"date":"2013-02-26T06:12:16","date_gmt":"2013-02-26T06:12:16","guid":{"rendered":"http:\/\/sukuseuraviljakainen.net\/wordpress\/?page_id=2"},"modified":"2023-07-13T18:33:57","modified_gmt":"2023-07-13T15:33:57","slug":"esimerkkisivu","status":"publish","type":"page","link":"http:\/\/sukuseuraviljakainen.net\/?page_id=2","title":{"rendered":"Sukuseura Viljakainen"},"content":{"rendered":"<p>Viljakaiset kokoontuivat ensimm\u00e4isen kerran sukutapaamiseen 6.7.1996 Virtasalmelle. Paikalle saapui yli sata sukulaista, joista 80 liittyi perustavassa kokouksessa Sukuseura Viljakainen ry:n j\u00e4seniksi. T\u00e4ll\u00e4 hetkell\u00e4 sukuseurassa on l\u00e4hes 300 j\u00e4sent\u00e4. Sukup\u00e4iv\u00e4\u00e4 vietet\u00e4\u00e4n joka vuosi kes\u00e4-elokuussa ja samalla pidet\u00e4\u00e4n s\u00e4\u00e4nt\u00f6m\u00e4\u00e4r\u00e4inen vuosikokous.<\/p>\n<p><strong>Sukuseura Viljakainen ry:n s\u00e4\u00e4nn\u00f6t<\/strong><\/p>\n<p><strong><em>Hyv\u00e4ksytty perustavassa kokouksessa Virtasalmella 6.7.1996<\/em><\/strong><\/p>\n<p><strong><em>Tarkennettu vuosikokouksessa Joroisissa 5.7.1997<\/em><\/strong><\/p>\n<p><strong><em>Hyv\u00e4ksytty yhdistysrekisteriss\u00e4 19.9.1997 rek. numerolla 171107<\/em><\/strong><\/p>\n<p><strong><em>Tarkennettu Ristiinassa 21.7.2007<\/em><\/strong><\/p>\n<p><strong><em>Tarkennettu Savonlinnassa 18.6.2022<\/em><\/strong><\/p>\n<p><strong>1 \u00a7 Nimi ja kotipaikka<\/strong><\/p>\n<p>Yhdistyksen nimi on Sukuseura Viljakainen ry. Yhdistyksen kieli on suomi, kotipaikka on <strong>Joroinen<\/strong> ja toimialueena koko maa.<\/p>\n<p><strong>2 \u00a7 Sukuseuran tarkoitus ja toiminta<\/strong><\/p>\n<p>Sukuseurayhdistyksen (josta j\u00e4ljemp\u00e4n\u00e4 n\u00e4iss\u00e4 s\u00e4\u00e4nn\u00f6iss\u00e4 k\u00e4ytet\u00e4\u00e4n nimityst\u00e4 sukuseura) tarkoituksena on vaalia suvun perinteit\u00e4 sek\u00e4 edist\u00e4\u00e4 ja edesauttaa yhteenkuuluvaisuuden tunnetta j\u00e4senten keskuudessa.<\/p>\n<p>Tarkoituksensa toteuttamiseksi sukuseura pyrkii pit\u00e4m\u00e4\u00e4n hyv\u00e4t yhteydet suvun j\u00e4lkel\u00e4isiin ja lis\u00e4\u00e4m\u00e4\u00e4n aktiivisuutta<\/p>\n<p>&#8211; j\u00e4rjest\u00e4m\u00e4ll\u00e4 ja pit\u00e4m\u00e4ll\u00e4 kokouksia<\/p>\n<p>&#8211; ker\u00e4\u00e4m\u00e4ll\u00e4 ja arkistoimalla sukua koskevaa tietoutta<\/p>\n<p>&#8211; selvitt\u00e4m\u00e4ll\u00e4 suvun vaiheita sek\u00e4 saattamalla tutkimusty\u00f6n tulokset j\u00e4senten tietoon<\/p>\n<p>&#8211; luetteloimalla jatkuvasti suvun j\u00e4senet<\/p>\n<p>&#8211; pit\u00e4m\u00e4ll\u00e4 yhteytt\u00e4 muihin alan j\u00e4rjest\u00f6ihin<\/p>\n<p>&#8211; j\u00e4rjest\u00e4m\u00e4ll\u00e4 yhteisi\u00e4 retki\u00e4 sek\u00e4 toimittamalla sukulehte\u00e4<\/p>\n<p>Toimintansa tukemiseksi sukuseura voi vastaanottaa lahjoituksia sek\u00e4 pit\u00e4\u00e4 myyj\u00e4isi\u00e4 ja arpajaisia.<\/p>\n<p><strong>3 \u00a7 Sukuseuran j\u00e4senet<\/strong><\/p>\n<p>Sukuseuran varsinaiseksi j\u00e4seneksi voidaan hyv\u00e4ksy\u00e4 jokainen 18 vuotta t\u00e4ytt\u00e4nyt henkil\u00f6, joka polveutuu Viljakaisten suvun esi-is\u00e4st\u00e4, tai joka on avio- tai avoliiton kautta t\u00e4h\u00e4n sukuun liittynyt ja hyv\u00e4ksyy sukuseuran tarkoituksen. Kannattavaksi j\u00e4seneksi voidaan hyv\u00e4ksy\u00e4 yksityinen henkil\u00f6 tai oikeuskelpoinen yhteis\u00f6, joka haluaa tukea sukuseuran tarkoitusta ja toimintaa.<\/p>\n<p>Sukuseuraan pyrkiv\u00e4n on ilmoitettava siit\u00e4 sukuseuran hallitukselle. Hallitus hyv\u00e4ksyy hakemuksesta varsinaiset j\u00e4senet ja kannattavat j\u00e4senet.<\/p>\n<p>Kunniaj\u00e4seneksi voi sukuseuran kokous hallituksen esityksest\u00e4 kutsua henkil\u00f6n, joka on huomattavasti edist\u00e4nyt ja tukenut sukuseuran toimintaa. Hallituksen tulee pit\u00e4\u00e4 luetteloa sukuseuran j\u00e4senist\u00e4. Saavutetut j\u00e4senoikeudet s\u00e4ilyv\u00e4t.<\/p>\n<p><strong>4 \u00a7 Eroaminen sukuseurasta<\/strong><\/p>\n<p>J\u00e4senell\u00e4 on oikeus erota sukuseurasta ilmoittamalla siit\u00e4 kirjallisesti sukuseuran hallitukselle tai sen puheenjohtajalle taikka sukuseuran kokouksessa merkitt\u00e4v\u00e4ksi p\u00f6yt\u00e4kirjaan.<\/p>\n<p>Hallitus voi erottaa j\u00e4senen sukuseurasta, jos j\u00e4sen on j\u00e4tt\u00e4nyt er\u00e4\u00e4ntyneen j\u00e4senmaksunsa maksamatta tai muuten j\u00e4tt\u00e4nyt t\u00e4ytt\u00e4m\u00e4tt\u00e4 ne velvoitukset, joihin h\u00e4n on sukuseuraan liittym\u00e4ll\u00e4 sitoutunut, tai jos h\u00e4n on menettelyll\u00e4\u00e4n sukuseurassa huomattavasti vahingoittanut sukuseuraa tai sen j\u00e4seni\u00e4 tai ei en\u00e4\u00e4 t\u00e4yt\u00e4 laissa taikka sukuseuran s\u00e4\u00e4nn\u00f6iss\u00e4 mainittuja j\u00e4senyyden ehtoja.<\/p>\n<p><strong>5 \u00a7 J\u00e4senmaksu<\/strong><\/p>\n<p>Varsinaisilta j\u00e4senilt\u00e4 ja kannattavilta j\u00e4senilt\u00e4 perit\u00e4\u00e4n vuotuinen j\u00e4senmaksu, jonka suuruudesta vuosikokous p\u00e4\u00e4tt\u00e4\u00e4 erikseen kummallekin j\u00e4senryhm\u00e4lle. Kunniaj\u00e4senet eiv\u00e4t maksa j\u00e4senmaksua.<\/p>\n<p><strong>6 \u00a7 Sukuseuran hallitus<\/strong><\/p>\n<p>Sukuseuran asioita hoitaa hallitus, johon kuuluu vuosikokouksessa valitut puheenjohtaja ja kuusi (6) muuta varsinaista j\u00e4sent\u00e4 sek\u00e4 kolme (3) varaj\u00e4sent\u00e4. Hallitus valitaan kolmeksi (3) vuodeksi siten, ett\u00e4 hallituksen j\u00e4senist\u00e4 on vuosittain kolmannes erovuorossa. Kahden ensimm\u00e4isen vuoden aikana erovuoroiset m\u00e4\u00e4r\u00e4t\u00e4\u00e4n arvalla. Erovuorossa oleva j\u00e4sen voidaan valita uudelleen.<\/p>\n<p>Hallituksen sek\u00e4 puheenjohtajan toimikausi on kolme (3) vuotta. Hallitus valitsee keskuudestaan vuosittain varapuheenjohtajan sek\u00e4 keskuudestaan tai muista j\u00e4senist\u00e4 sihteerin, taloudenhoitajan sek\u00e4 yhdistykselle tarpeelliset muut toimihenkil\u00f6t.<\/p>\n<p>Hallitus voi keskuudestaan asettaa avukseen valiokuntia erityisten teht\u00e4vien hoitamista varten. Samalle henkil\u00f6lle voidaan osoittaa useita teht\u00e4vi\u00e4.<\/p>\n<p>Hallitus kokoontuu puheenjohtajan tai h\u00e4nen estyneen\u00e4 ollessaan varapuheenjohtajan kutsusta, kun he katsovat siihen olevan aihetta, tai kun v\u00e4hint\u00e4\u00e4n puolet hallituksen j\u00e4senist\u00e4 sit\u00e4 vaatii. <strong>Hallitus voi pit\u00e4\u00e4 my\u00f6s et\u00e4kokouksen teknisen laitteen v\u00e4lityksell\u00e4.<\/strong><\/p>\n<p>Hallitus on p\u00e4\u00e4t\u00f6svaltainen, kun v\u00e4hint\u00e4\u00e4n puolet sen j\u00e4senist\u00e4, puheenjohtaja tai varapuheenjohtaja mukaan luettuna on l\u00e4sn\u00e4. \u00c4\u00e4nestykset ratkaistaan yksinkertaisella \u00e4\u00e4nten enemmist\u00f6ll\u00e4. \u00c4\u00e4nten menness\u00e4 tasan p\u00e4\u00e4t\u00f6kseksi tulee se mielipide, jota puheenjohtaja ilmoittaa kannattavansa, vaaleissa kuitenkin arpa.<\/p>\n<p>Hallituksen kokouksista pidet\u00e4\u00e4n p\u00e4\u00e4t\u00f6sp\u00f6yt\u00e4kirjaa.<\/p>\n<p><strong>7 \u00a7 S\u00e4\u00e4nt\u00f6m\u00e4\u00e4r\u00e4inen kokous<\/strong><\/p>\n<p>Sukuseuran vuosikokous pidet\u00e4\u00e4n huhti- elokuun v\u00e4lisen\u00e4 aikana vuosittain. <strong>Hallitus voi harkintansa mukaan mahdollistaa my\u00f6s j\u00e4senten et\u00e4osallistumisen kokoukseen teknisen laitteen v\u00e4lityksell\u00e4.<\/strong><\/p>\n<p>Sukuseuran kokouksissa on jokaisella l\u00e4sn\u00e4 olevalla varsinaisella j\u00e4senell\u00e4 ja kunniaj\u00e4senell\u00e4 yksi \u00e4\u00e4ni. Valtakirjalla ei voi \u00e4\u00e4nest\u00e4\u00e4. Kannattavilla j\u00e4senill\u00e4 on kokouksessa vain l\u00e4sn\u00e4olo- ja puheoikeus. Sukuseuran kokouksen p\u00e4\u00e4t\u00f6kseksi tulee, ellei s\u00e4\u00e4nn\u00f6iss\u00e4 ole toisin m\u00e4\u00e4r\u00e4tty, se mielipide, jota on kannattanut yli puolet annetuista \u00e4\u00e4nist\u00e4. \u00c4\u00e4nestys on avoin, ellei ole p\u00e4\u00e4tetty k\u00e4ytt\u00e4\u00e4 suljettua \u00e4\u00e4nestyst\u00e4. \u00c4\u00e4nten menness\u00e4 tasan ratkaisee se mielipide, jota kokouksen puheenjohtaja ilmoittaa kannattavansa, vaaleissa kuitenkin arpa.<\/p>\n<p>Ylim\u00e4\u00e4r\u00e4inen kokous pidet\u00e4\u00e4n, kun sukuseuran kokous niin p\u00e4\u00e4tt\u00e4\u00e4 tai kun hallitus katsoo siihen olevan aihetta tai kun v\u00e4hint\u00e4\u00e4n kymmenesosa (1\/10) sukuseuran \u00e4\u00e4nioikeutetuista j\u00e4senist\u00e4 sit\u00e4 hallitukselta erityisesti ilmoitettua asiaa varten kirjallisesti vaatii. Kokous on pidett\u00e4v\u00e4 kolmenkymmenen vuorokauden kuluessa siit\u00e4, kun vaatimus sen pit\u00e4misest\u00e4 on esitetty hallitukselle.<\/p>\n<p><strong>8 \u00a7 Kokouksen koolle kutsuminen<\/strong><\/p>\n<p>Hallituksen on kutsuttava sukuseuran kokoukset koolle v\u00e4hint\u00e4\u00e4n kahta viikkoa ennen kokousta j\u00e4senille postitetussa omassa sukulehdess\u00e4 tai j\u00e4senille postitetuilla kirjeill\u00e4 tai s\u00e4hk\u00f6postitse.<\/p>\n<p><strong>9 \u00a7 Vuosikokouksessa k\u00e4sitelt\u00e4v\u00e4t asiat<\/strong><\/p>\n<p>Vuosikokouksessa k\u00e4sitell\u00e4\u00e4n seuraavat asiat:<\/p>\n<ol>\n<li>kokouksen avaus<\/li>\n<li>kokoukselle valitaan puheenjohtaja, sihteeri, kaksi p\u00f6yt\u00e4kirjan tarkastajaa ja kaksi \u00e4\u00e4ntenlaskijaa<\/li>\n<li>todetaan kokouksen laillisuus ja p\u00e4\u00e4t\u00f6svaltaisuus<\/li>\n<li>hyv\u00e4ksyt\u00e4\u00e4n kokouksen esityslista<\/li>\n<li>esitet\u00e4\u00e4n tilinp\u00e4\u00e4t\u00f6s, vuosikertomus ja <strong>toiminnantarkastajan<\/strong> lausunto<\/li>\n<li>p\u00e4\u00e4tet\u00e4\u00e4n tilinp\u00e4\u00e4t\u00f6ksen vahvistamisesta ja vastuuvapauden my\u00f6nt\u00e4misest\u00e4 hallitukselle ja muille vastuuvelvollisille<\/li>\n<li>vahvistetaan hallituksen laatima seuraavan kalenterivuoden toimintasuunnitelma ja talousarvio sek\u00e4 p\u00e4\u00e4tet\u00e4\u00e4n seuraavana kalenterivuonna kannettavien j\u00e4senmaksujen suuruudesta<\/li>\n<li>valitaan hallituksen puheenjohtaja joka kolmas vuosi ja muut j\u00e4senet erovuoroisten tilalle<\/li>\n<li>valitaan <strong>yksi toiminnantarkastaja ja varatoiminnantarkastaja<\/strong><\/li>\n<li>p\u00e4\u00e4tet\u00e4\u00e4n muista kokouskutsussa ilmoitetuista asioista.<\/li>\n<\/ol>\n<p>Mik\u00e4li sukuseuran j\u00e4sen haluaa saada jonkin asian sukuseuran vuosikokouksen k\u00e4sitelt\u00e4v\u00e4ksi, on h\u00e4nen ilmoitettava siit\u00e4 kirjallisesti hallitukselle niin hyviss\u00e4 ajoin, ett\u00e4 asia voidaan sis\u00e4llytt\u00e4\u00e4 kokouskutsuun. Kokouksen muun ohjelman tulee, mik\u00e4li mahdollista, liitty\u00e4 sukuseuran tarkoitusperiin.<\/p>\n<p><strong>10 \u00a7 Sukuseuran nimen kirjoittajat<\/strong><\/p>\n<p>Sukuseuran nimen kirjoittavat hallituksen puheenjohtaja ja varapuheenjohtaja yhdess\u00e4 tai jompikumpi yhdess\u00e4 sihteerin tai taloudenhoitajan kanssa.<\/p>\n<p><strong>11 \u00a7 Sukuseuran tilikausi<\/strong><\/p>\n<p>Sukuseuran tilikausi on kalenterivuosi. Tilinp\u00e4\u00e4t\u00f6s tarvittavine asiakirjoineen ja hallituksen vuosikertomus on annettava <strong>toiminnantarkastajalle<\/strong> viimeist\u00e4\u00e4n kolme (3) viikkoa ennen vuosikokousta. <strong>Toiminnantarkastajan<\/strong> tulee antaa kirjallinen lausuntonsa viimeist\u00e4\u00e4n kaksi (2) viikkoa ennen vuosikokousta sukuseuran hallitukselle. <strong>Toiminnantarkastajan<\/strong> toimikausi on vuosikokousten v\u00e4linen aika.<\/p>\n<p><strong>12 \u00a7 S\u00e4\u00e4nt\u00f6jen muuttaminen ja muut m\u00e4\u00e4r\u00e4enemmist\u00f6\u00e4 vaativat asiat<\/strong><\/p>\n<p>P\u00e4\u00e4t\u00f6s n\u00e4iden s\u00e4\u00e4nt\u00f6jen muuttamisesta, sukuseuran purkamisesta sek\u00e4 kiinteist\u00f6n ostamisesta, myymisest\u00e4 tai kiinnitt\u00e4misest\u00e4 voidaan tehd\u00e4 vain<u>,<\/u> jos siit\u00e4 on kokouskutsussa nimenomaan ilmoitettu. Edell\u00e4 mainittujen p\u00e4\u00e4t\u00f6sten tekoon tarvitaan kolmen nelj\u00e4sosan (3\/4) \u00e4\u00e4nten enemmist\u00f6 \u00e4\u00e4nestyksess\u00e4 annetuista \u00e4\u00e4nist\u00e4.<\/p>\n<p>Jos sukuseura purkautuu, viimeisess\u00e4 sukuseuran kokouksessa on p\u00e4\u00e4tett\u00e4v\u00e4 sukuseuran omaisuuden k\u00e4ytt\u00e4misest\u00e4 sukuseuran tarkoitusperi\u00e4 vastaavalla tavalla. Sukuseuran tullessa lakkautetuksi k\u00e4ytet\u00e4\u00e4n sen varat samaan tarkoitukseen.<\/p>\n","protected":false},"excerpt":{"rendered":"<p>Viljakaiset kokoontuivat ensimm\u00e4isen kerran sukutapaamiseen 6.7.1996 Virtasalmelle. Paikalle saapui yli sata sukulaista, joista 80 liittyi perustavassa kokouksessa Sukuseura Viljakainen ry:n j\u00e4seniksi. T\u00e4ll\u00e4 hetkell\u00e4 sukuseurassa on l\u00e4hes 300 j\u00e4sent\u00e4. Sukup\u00e4iv\u00e4\u00e4 vietet\u00e4\u00e4n joka vuosi kes\u00e4-elokuussa ja samalla pidet\u00e4\u00e4n s\u00e4\u00e4nt\u00f6m\u00e4\u00e4r\u00e4inen vuosikokous. Sukuseura Viljakainen ry:n s\u00e4\u00e4nn\u00f6t Hyv\u00e4ksytty perustavassa kokouksessa Virtasalmella 6.7.1996 Tarkennettu vuosikokouksessa Joroisissa 5.7.1997 Hyv\u00e4ksytty yhdistysrekisteriss\u00e4 19.9.1997 rek. [&hellip;]<\/p>\n","protected":false},"author":1,"featured_media":0,"parent":0,"menu_order":1,"comment_status":"open","ping_status":"open","template":"page-templates\/front-page.php","meta":{"footnotes":""},"class_list":["post-2","page","type-page","status-publish","hentry"],"_links":{"self":[{"href":"http:\/\/sukuseuraviljakainen.net\/index.php?rest_route=\/wp\/v2\/pages\/2","targetHints":{"allow":["GET"]}}],"collection":[{"href":"http:\/\/sukuseuraviljakainen.net\/index.php?rest_route=\/wp\/v2\/pages"}],"about":[{"href":"http:\/\/sukuseuraviljakainen.net\/index.php?rest_route=\/wp\/v2\/types\/page"}],"author":[{"embeddable":true,"href":"http:\/\/sukuseuraviljakainen.net\/index.php?rest_route=\/wp\/v2\/users\/1"}],"replies":[{"embeddable":true,"href":"http:\/\/sukuseuraviljakainen.net\/index.php?rest_route=%2Fwp%2Fv2%2Fcomments&post=2"}],"version-history":[{"count":10,"href":"http:\/\/sukuseuraviljakainen.net\/index.php?rest_route=\/wp\/v2\/pages\/2\/revisions"}],"predecessor-version":[{"id":376,"href":"http:\/\/sukuseuraviljakainen.net\/index.php?rest_route=\/wp\/v2\/pages\/2\/revisions\/376"}],"wp:attachment":[{"href":"http:\/\/sukuseuraviljakainen.net\/index.php?rest_route=%2Fwp%2Fv2%2Fmedia&parent=2"}],"curies":[{"name":"wp","href":"https:\/\/api.w.org\/{rel}","templated":true}]}}