{"id":168,"date":"2016-01-30T14:44:11","date_gmt":"2016-01-30T12:44:11","guid":{"rendered":"http:\/\/sukuseuraviljakainen.net\/?page_id=168"},"modified":"2024-07-14T21:43:46","modified_gmt":"2024-07-14T18:43:46","slug":"sukupaiva-2015","status":"publish","type":"page","link":"http:\/\/sukuseuraviljakainen.net\/?page_id=168","title":{"rendered":"Sukup\u00e4iv\u00e4 2015"},"content":{"rendered":"<p><strong>Sukuseura Viljakainen koolla Virtasalmella<\/strong><\/p>\n<p><strong>Kunniavieraana sotaveteraani Hannes Hyn\u00f6nen<\/strong><\/p>\n<p><strong>Is\u00e4nmaalliset virret kaikuivat Virtasalmen kirkossa, kun Sukuseura Viljakainen kokoontui vuosittaisille sukup\u00e4iville kes\u00e4kuun lopulla. Viljakaisia on Suomessa runsaat 1400. Heist\u00e4 350 kuuluu sukuseuraan, ja kes\u00e4n sukup\u00e4iv\u00e4ss\u00e4 oli paikalla noin 100 j\u00e4sent\u00e4. Tilaisuuden kunniavieraana oli Linnan juhlista julkisuuteen noussut 102 -vuotias sotaveteraani <em>Hannes Hyn\u00f6nen<\/em>. <\/strong><\/p>\n<p><strong>Perinteit\u00e4 ja menneit\u00e4 sukupolvia kunnioittaen<\/strong><\/p>\n<p>Sukup\u00e4iv\u00e4t sujuivat perinteiden mukaisesti ja menneit\u00e4 sukupolvia kunnioittaen. Virtasalmen kirkossa kaikui Suvivirsi ja Kosketa minua henki kanttori <em>Ari Voutilaisen<\/em> johdolla. Sukuseuran puheenjohtajan <em>Pekka Viljakaisen<\/em> tervetuliaissanojen j\u00e4lkeen Pieks\u00e4m\u00e4en seurakunnan pastori <em>Jukka Isomets\u00e4<\/em> piti hartauden ja esitteli kirkon.<\/p>\n<p><em>Salme Viljakainen<\/em> luki p\u00e4iv\u00e4n yll\u00e4tys- ja kunniavieraan, sotaveteraani <em>Hannes Hyn\u00f6sen<\/em> koskettavaa rukousteksti\u00e4 (julkaistu Kotimaa -lehdess\u00e4 18.6.2015). Veteraani korostaa rukouksen voimaa erityisesti vaikeina aikoina, kuten silloin kun h\u00e4n aikoinaan toipui vakavasta sy\u00f6v\u00e4st\u00e4. Rukous on h\u00e4nen mielest\u00e4\u00e4n oma, hyvin henkil\u00f6kohtainen. Kun siihen syventyy, on kuin juttelisi kaverin kanssa, sanoo Hannes.<\/p>\n<p>Hartauden j\u00e4lkeen Viljakaiset siirtyiv\u00e4t Suomen lipun ja sukulipun saattelemina Virtasalmen sankarihaudoille, jossa lipputervehdyksen j\u00e4lkeen laskettiin sukuseuran kukkatervehdys menneiden sukupolvien muistolle. Lopuksi laulettiin virsi Sun k\u00e4tes, Herra, voimakkaan suo olla turva Suomenmaan. Suomen lippua kantoi sukuseuran varapuheenjohtaja <em>Seppo Viljakainen<\/em> ja sukulippua puheenjohtaja Pekka Viljakainen, molemmat Joroisista. Ennen hartautta kokousv\u00e4ki k\u00e4vi sukulaisten haudoilla.<\/p>\n<p><strong>Virtasalmen seurakuntatalolla juhlaa ja asiaa<\/strong><\/p>\n<p>Juhlapuheen piti oikeustieteen kandidaatti <em>Pentti Viljakainen<\/em>, joka muun muassa kuvaili Viljakaisten ominaispiirteit\u00e4. Niit\u00e4 ovat h\u00e4nen mielest\u00e4\u00e4n usko Korkeimpaan, m\u00e4\u00e4r\u00e4tietoisuus ja esivallan kunnioittaminen. Sukulaisten vakautta h\u00e4n havainnollisti siteeraamalla er\u00e4\u00e4n miehen aviokriisiss\u00e4 lausumaa: \u201dViljakaiset eiv\u00e4t eroa.\u201d N\u00e4in kuulemma my\u00f6s kyseisess\u00e4 kriisiss\u00e4 k\u00e4vi. Puheen j\u00e4lkeen laulettiin Kansalaislaulu, Olet maamme armahin Suomenmaa.<\/p>\n<p>S\u00e4\u00e4nt\u00f6m\u00e4\u00e4r\u00e4isess\u00e4 vuosikokouksessa puhetta johti rivakasti Salme Viljakainen Joroisista. Sukuseuran hallitukseen valittiin yksi uusi varaj\u00e4sen. Hallitukseen kuuluvat nyt varsinaisina j\u00e4senin\u00e4 Pekka Viljakainen Joroisista, Seppo Viljakainen Joroisista, Leena Teittinen Mikkelist\u00e4, Juhani Veps\u00e4l\u00e4inen Joroisista, Hannu Viljakainen Joroisista, Pertti Viljakainen Rantasalmelta ja V\u00e4in\u00f6 Viljakainen Pieks\u00e4m\u00e4elt\u00e4 sek\u00e4 varaj\u00e4senin\u00e4 Eveliina Kautto Joroisista, Jarmo Viljakainen Helsingist\u00e4 ja Seppo Viljakainen Juvalta. Kokouksen p\u00e4\u00e4tteeksi laulettiin Kotimaani ompi Suomi.<\/p>\n<p><strong>Viljakaisten sukukirja julkaistaan Mikkeliss\u00e4 2016<\/strong><\/p>\n<p>Kokouksen p\u00e4\u00e4tteeksi sukututkija <em>Ahti Kopperi<\/em> loi katsauksen Viljakaisen suvun ja sen tutkimisen vaiheisiin. Sukukirja julkaistaan kes\u00e4ll\u00e4 2016 sukup\u00e4ivill\u00e4 Mikkeliss\u00e4. Teoksessa on 1500 sivua, joilta l\u00f6ytyy kaikkiaan 18 eri sukuhaaran Viljakaiset. Selvitysty\u00f6ss\u00e4 on k\u00e4ytetty my\u00f6s DNA-tutkimuksia. Viljakaisen suvun tiedot tallennetaan Viljakaisten sukututkimusrekisteriin ja niit\u00e4 k\u00e4ytet\u00e4\u00e4n Viljakaisten sukukirjan tekemiseen.<\/p>\n<p>Ennakkotietoina Kopperi kertoi, ett\u00e4 Mikkelin Viljakaisissa sukuhaaroja on viisi, Karjalan Kannaksen kirjassa kolme, Rantasalmella ja Haukivuorella kaksi. Joroisten, Ristiinan, Taipalsaaren ja M\u00e4ntyharjun Viljakaiset ovat kaikki samassa sukuhaarassa.<\/p>\n<p>Lis\u00e4ksi sukua on l\u00f6ytynyt Karjalan suunnalta (mm. Viipurista, Koivistolta ja Kivennavalta) sek\u00e4 Nastolasta. Yksitoista sukuhaaraa on johdettu 1600-luvulle saakka. T\u00e4ss\u00e4 ryhm\u00e4ss\u00e4 ovat mukana kaikki mikkelil\u00e4iset sukuhaarat. T\u00e4rkeimm\u00e4t n\u00e4ist\u00e4 ovat Viljakaisten kannalta P\u00f6nn\u00f6n ja Vanham\u00e4en Viljakaisten I-sukuhaara.<\/p>\n<ul>\n<li>Joroisten Viljakaiset on sukuseuran suurin sukuhaara. Kaikki Joroisten Viljakaiset, tulevan kirjan 340 sivua, ovat samaa sukuhaaraa, 1620 syntyneen <em>Risto Viljakaisen<\/em> j\u00e4lkel\u00e4isi\u00e4. DNA:n perusteella ja alueellisestikin kaikkein l\u00e4himp\u00e4n\u00e4 joroislaisia ovat molemmat Rantasalmen Viljakaisten sukuhaarat. Erityisen l\u00e4hell\u00e4 ovat Rantasalmen Ahvensalmen Viljakaiset, kertoi Kopperi.<\/li>\n<\/ul>\n<p>Sukututkijan selvitysten mukaan sukunimi Viljakainen on ollut pysyv\u00e4 keskiajalta l\u00e4htien. Se on ollut hyv\u00e4 nimi, jota ei ole tarvinnut muutella muuhun muotoon. Nimitutkijoiden mukaan sukunimi Viljakainen on saattanut juontua muinais\u00adsuomalaisesta etu\u00adnimest\u00e4 Vilja. Se voi olla my\u00f6s germaanista alkuper\u00e4\u00e4.<\/p>\n<p><strong>Ortodoksikirkon esittely ja Jyrki Sukulan herkkuja<\/strong><\/p>\n<p>Virtasalmelta puolet sukup\u00e4ivien osanottajista siirtyi Joroisten Kaitaisiin katsomaan <em>Pyh\u00e4n Georgios Voittajan<\/em> ortodoksista kirkkoa. Sen on vaimolleen rakennuttanut IT-asiantuntija <em>Pekka Viljakainen<\/em>. Tutustumisk\u00e4ynnin j\u00e4lkeen pidetyss\u00e4 illanvietossa nautittiin herkkuja, joiden valmistelussa oli ollut mukana tunnettu kokki <em>Jyrki Sukula<\/em>.<\/p>\n<p>JARMO VILJAKAINEN<\/p>\n","protected":false},"excerpt":{"rendered":"<p>Sukuseura Viljakainen koolla Virtasalmella Kunniavieraana sotaveteraani Hannes Hyn\u00f6nen Is\u00e4nmaalliset virret kaikuivat Virtasalmen kirkossa, kun Sukuseura Viljakainen kokoontui vuosittaisille sukup\u00e4iville kes\u00e4kuun lopulla. Viljakaisia on Suomessa runsaat 1400. Heist\u00e4 350 kuuluu sukuseuraan, ja kes\u00e4n sukup\u00e4iv\u00e4ss\u00e4 oli paikalla noin 100 j\u00e4sent\u00e4. Tilaisuuden kunniavieraana oli Linnan juhlista julkisuuteen noussut 102 -vuotias sotaveteraani Hannes Hyn\u00f6nen. Perinteit\u00e4 ja menneit\u00e4 sukupolvia kunnioittaen [&hellip;]<\/p>\n","protected":false},"author":1,"featured_media":0,"parent":10,"menu_order":4,"comment_status":"closed","ping_status":"closed","template":"page-templates\/full-width.php","meta":{"footnotes":""},"class_list":["post-168","page","type-page","status-publish","hentry"],"_links":{"self":[{"href":"http:\/\/sukuseuraviljakainen.net\/index.php?rest_route=\/wp\/v2\/pages\/168","targetHints":{"allow":["GET"]}}],"collection":[{"href":"http:\/\/sukuseuraviljakainen.net\/index.php?rest_route=\/wp\/v2\/pages"}],"about":[{"href":"http:\/\/sukuseuraviljakainen.net\/index.php?rest_route=\/wp\/v2\/types\/page"}],"author":[{"embeddable":true,"href":"http:\/\/sukuseuraviljakainen.net\/index.php?rest_route=\/wp\/v2\/users\/1"}],"replies":[{"embeddable":true,"href":"http:\/\/sukuseuraviljakainen.net\/index.php?rest_route=%2Fwp%2Fv2%2Fcomments&post=168"}],"version-history":[{"count":3,"href":"http:\/\/sukuseuraviljakainen.net\/index.php?rest_route=\/wp\/v2\/pages\/168\/revisions"}],"predecessor-version":[{"id":171,"href":"http:\/\/sukuseuraviljakainen.net\/index.php?rest_route=\/wp\/v2\/pages\/168\/revisions\/171"}],"up":[{"embeddable":true,"href":"http:\/\/sukuseuraviljakainen.net\/index.php?rest_route=\/wp\/v2\/pages\/10"}],"wp:attachment":[{"href":"http:\/\/sukuseuraviljakainen.net\/index.php?rest_route=%2Fwp%2Fv2%2Fmedia&parent=168"}],"curies":[{"name":"wp","href":"https:\/\/api.w.org\/{rel}","templated":true}]}}