{"id":147,"date":"2015-04-05T20:07:31","date_gmt":"2015-04-05T17:07:31","guid":{"rendered":"http:\/\/sukuseuraviljakainen.net\/?page_id=147"},"modified":"2024-07-14T21:44:31","modified_gmt":"2024-07-14T18:44:31","slug":"sukupaiva-2010","status":"publish","type":"page","link":"http:\/\/sukuseuraviljakainen.net\/?page_id=147","title":{"rendered":"Sukup\u00e4iv\u00e4 2010"},"content":{"rendered":"<p><strong>VILJAKAISILLE 1500 -SIVUINEN SUKUKIRJA<\/strong><\/p>\n<p><strong>Sukuseura Viljakainen saa l\u00e4hivuosina oman sukukirjan, josta tulee per\u00e4ti 1500 sivun paksuinen tietoj\u00e4tti. Mittavaa kirjaprojektia k\u00e4siteltiin seuran sukup\u00e4ivill\u00e4 viime lauantaina Rantasalmella. Tapaamiseen osallistui l\u00e4hes 100 seuran j\u00e4sent\u00e4. Ohjelmassa oli my\u00f6s s\u00e4\u00e4nt\u00f6m\u00e4\u00e4r\u00e4inen vuosikokous juhlapuheineen ja vapaamuotoista yhdess\u00e4oloa. Sukup\u00e4ivi\u00e4 is\u00e4nn\u00f6iv\u00e4t <\/strong><em>Pertti ja Ritva Viljakainen<\/em><strong> Tuusm\u00e4est\u00e4.<\/strong> <strong>Vuonna 2011 Viljakaiset kokoontuvat Helsingiss\u00e4.<\/strong><\/p>\n<p>Sukuseuran puheenjohtaja <em>Pekka Viljakainen<\/em> oli avauspuheessaan tyytyv\u00e4inen Rantasalmen kokouksen osallistujam\u00e4\u00e4r\u00e4\u00e4n. H\u00e4n suhtautui my\u00f6s luottavaisesti j\u00e4senm\u00e4\u00e4r\u00e4n kasvuun ja sukukirjaprojektiin. My\u00f6s kokousten henki on vuosi vuodelta muuttunut vapautuneemmaksi, kun on opittu tuntemaan uusia sukulaisia. S\u00e4\u00e4nt\u00f6m\u00e4\u00e4r\u00e4inen kokous sujui joutuisasti pyk\u00e4lien mukaan <em>Kirsti Viljakaisen<\/em> johtaessa puhetta.<\/p>\n<p><strong>Savon vanhimpia sukuja<\/strong><\/p>\n<p><em>Jarmo Viljakainen<\/em> keskittyi juhlapuheessaan sukuhengen kohottamiseen. Suku on yksi Savon vanhimmista ja samoin sen sukunimi.<\/p>\n<ul>\n<li>Sukunimemme syntyi jo yli 600 vuotta sitten, paljon aikaisemmin kuin laki m\u00e4\u00e4r\u00e4si Suomen aatelisille sukunimipakon. Olimme ensimm\u00e4isi\u00e4 suomalaisia sukuja, joilla oli jo varhain oma nimi, kertoi Viljakainen.<\/li>\n<\/ul>\n<p>Tutkijat kytkev\u00e4t nimen hyvin vanhaan asiakirjaan, <em>Novgorodin tuohikirjeeseen,<\/em> jossa jo 1300-1400-luvun taitteessa on mainittu henkil\u00f6t nimelt\u00e4 Vel\u00b4jut (Viljakas) ja Vel\u00b4jakaz (Viljakas). Viljakaisia on asunut vuosisatoja erityisesti Savossa, vaikka my\u00f6s muualla maassa. Viljakainen oli 1500-luvulla yleisimpi\u00e4 is\u00e4ntien nimi\u00e4 monissa pit\u00e4jiss\u00e4, joissakin se oli mahtisuku. Suvulla on my\u00f6s virallinen, Suomen vaakunarekisteriin hyv\u00e4ksytty vaakuna. Siin\u00e4 on Savon keltamustat v\u00e4rit, viljan t\u00e4hki\u00e4 ja varsijousi.<\/p>\n<p>Viljakaisen miehet ovat osallistuneet moniin Ruotsi-Suomen sotiin, muun muassa 30-vuotiseen sotaan ja Suomen Sotaan. Suvun j\u00e4seni\u00e4 on ollut rakentamassa my\u00f6s Olavinlinnaa. Menneit\u00e4 sukupolvia muistettiin Rantasalmen sankarihaudoilla ja kirkossa. Hartaushetkess\u00e4 kunnioitettiin 97-vuotiaana kuollutta talvi- ja jatkosodan veteraania <strong>Eino Viljakaista.<\/strong><\/p>\n<p><strong>Suvun juuret Savossa ja Karjalassa<\/strong><\/p>\n<p>Sukututkija <strong>Ahti Kopperi <\/strong>kertoi sukukirjan tilanteesta. Suvun juuria voidaan selvitt\u00e4\u00e4 l\u00e4helle varhaiskeskiaikaa. Viljakaisia on Suomessa t\u00e4m\u00e4n hetken tutkimusten mukaan 1300. Lis\u00e4ksi on useita satoja omaa sukua Viljakaisia.<\/p>\n<p>Kopperin mukaan Viljakaisen suvun tutkimus on edennyt jo viidess\u00e4 savolaisessa sukuhaarassa 1600-luvulle. Kahdesta t\u00e4ll\u00e4 hetkell\u00e4 vanhimmasta sukuhaarasta on tehty jo sukukirjan ty\u00f6versiot. Viisi on my\u00f6s 1700-luvulle asti selvitettyj\u00e4 sukuhaaroja.<\/p>\n<p>Viljakaisen suku on vuosisatojen kuluessa ollut eritt\u00e4in liikkuvaista Savon eri pit\u00e4jien v\u00e4lill\u00e4. T\u00e4h\u00e4n asti esitellyt sukuhaarat ovat olleet Savosta. Savon lis\u00e4ksi Viljakaisia on ollut my\u00f6s Karjalan Kannaksella. Helsingin seudulla on niin ik\u00e4\u00e4n nykyisin paljon sukua.<\/p>\n<p>Sukuseuran hallitukseen kuuluvat puheenjohtaja Pekka Viljakainen Joroisista, Hannu Viljakainen Joroisista, Leena Teittinen Haukivuorelta, Juhani Veps\u00e4l\u00e4inen Joroisista, Jaakko Viljakainen Mikkelist\u00e4, Pertti Viljakainen Rantasalmelta ja V\u00e4in\u00f6 Viljakainen Virtasalmelta.<\/p>\n<p>Seura julkaisee lehte\u00e4 Viljakaiset ja sen nettisivu on osoitteessa www.sukuseuraviljakainen.net<\/p>\n<p>Jarmo Viljakainen<\/p>\n","protected":false},"excerpt":{"rendered":"<p>VILJAKAISILLE 1500 -SIVUINEN SUKUKIRJA Sukuseura Viljakainen saa l\u00e4hivuosina oman sukukirjan, josta tulee per\u00e4ti 1500 sivun paksuinen tietoj\u00e4tti. Mittavaa kirjaprojektia k\u00e4siteltiin seuran sukup\u00e4ivill\u00e4 viime lauantaina Rantasalmella. Tapaamiseen osallistui l\u00e4hes 100 seuran j\u00e4sent\u00e4. Ohjelmassa oli my\u00f6s s\u00e4\u00e4nt\u00f6m\u00e4\u00e4r\u00e4inen vuosikokous juhlapuheineen ja vapaamuotoista yhdess\u00e4oloa. Sukup\u00e4ivi\u00e4 is\u00e4nn\u00f6iv\u00e4t Pertti ja Ritva Viljakainen Tuusm\u00e4est\u00e4. Vuonna 2011 Viljakaiset kokoontuvat Helsingiss\u00e4. Sukuseuran puheenjohtaja Pekka [&hellip;]<\/p>\n","protected":false},"author":1,"featured_media":0,"parent":10,"menu_order":8,"comment_status":"closed","ping_status":"closed","template":"page-templates\/full-width.php","meta":{"footnotes":""},"class_list":["post-147","page","type-page","status-publish","hentry"],"_links":{"self":[{"href":"http:\/\/sukuseuraviljakainen.net\/index.php?rest_route=\/wp\/v2\/pages\/147","targetHints":{"allow":["GET"]}}],"collection":[{"href":"http:\/\/sukuseuraviljakainen.net\/index.php?rest_route=\/wp\/v2\/pages"}],"about":[{"href":"http:\/\/sukuseuraviljakainen.net\/index.php?rest_route=\/wp\/v2\/types\/page"}],"author":[{"embeddable":true,"href":"http:\/\/sukuseuraviljakainen.net\/index.php?rest_route=\/wp\/v2\/users\/1"}],"replies":[{"embeddable":true,"href":"http:\/\/sukuseuraviljakainen.net\/index.php?rest_route=%2Fwp%2Fv2%2Fcomments&post=147"}],"version-history":[{"count":2,"href":"http:\/\/sukuseuraviljakainen.net\/index.php?rest_route=\/wp\/v2\/pages\/147\/revisions"}],"predecessor-version":[{"id":149,"href":"http:\/\/sukuseuraviljakainen.net\/index.php?rest_route=\/wp\/v2\/pages\/147\/revisions\/149"}],"up":[{"embeddable":true,"href":"http:\/\/sukuseuraviljakainen.net\/index.php?rest_route=\/wp\/v2\/pages\/10"}],"wp:attachment":[{"href":"http:\/\/sukuseuraviljakainen.net\/index.php?rest_route=%2Fwp%2Fv2%2Fmedia&parent=147"}],"curies":[{"name":"wp","href":"https:\/\/api.w.org\/{rel}","templated":true}]}}