{"id":144,"date":"2015-04-05T20:10:47","date_gmt":"2015-04-05T17:10:47","guid":{"rendered":"http:\/\/sukuseuraviljakainen.net\/?page_id=144"},"modified":"2024-07-14T21:44:21","modified_gmt":"2024-07-14T18:44:21","slug":"sukupaiva-2011","status":"publish","type":"page","link":"http:\/\/sukuseuraviljakainen.net\/?page_id=144","title":{"rendered":"Sukup\u00e4iv\u00e4 2011"},"content":{"rendered":"<p><strong>Viljakaiset kokoontuivat Helsingiss\u00e4<\/strong><\/p>\n<p>Pekka Viljakainen jatkaa puheenjohtajana<\/p>\n<p><strong>Sukuseura Viljakainen ry kokoontui elokuussa sukup\u00e4iville p\u00e4\u00e4kaupungin ydinkeskustaan. Hartaus Helsingin tuomiokirkossa avasi tilaisuuden. S\u00e4\u00e4nt\u00f6m\u00e4\u00e4r\u00e4inen kokous lounaineen ja puheineen pidettiin Hotelli Arthurissa, ja illalla Viljakaiset k\u00e4viv\u00e4t Suomenlinnassa. Toisen sukup\u00e4iv\u00e4n ohjelmassa olivat sukuseuran kukkatervehdys Hietaniemen sankariristille ja kierros sankarihaudoilla ja presidenttien haudoilla. Sukup\u00e4ivien p\u00e4\u00e4tteeksi katseltiin Helsingin n\u00e4ht\u00e4vyyksi\u00e4 kiertoajelulla ja nautittiin p\u00e4\u00e4tt\u00e4j\u00e4islounas Ravintola Kappelissa Esplanadilla.<\/strong><\/p>\n<p><strong>Juhlallinen hartaus Helsingin tuomiokirkossa<\/strong><\/p>\n<p>Suvivirren s\u00e4velet kajahtivat ilmoille tuomiokirkon kellojen ly\u00f6ty\u00e4 11 kertaa. Viljakaiset veisasivat kunnolla, kuten ennen vanhaan on opetettu laulamaan. Tervetuliaissanat lausui pastori <em>Anna-Maija Viljanen-Pihkala<\/em>. H\u00e4n kertoi my\u00f6s kiinnostavalla tavalla Helsingin tuomiokirkon historiasta. Kirkon rakentaminen aloitettiin vuonna 1830 ja se vihittiin k\u00e4ytt\u00f6\u00f6ns\u00e4 vuonna 1852. Se on ollut itsen\u00e4isyyden aikana erityisesti valtiollisten tilaisuuksien pitopaikka. Itsen\u00e4isyysp\u00e4iv\u00e4n jumalanpalvelukset ja presidenttien hautajaiset ovat varmaan tunnetuimpia n\u00e4ist\u00e4. Tuomiokirkko on Suomen kansallispyh\u00e4tt\u00f6 Turun tuomiokirkon rinnalla.<\/p>\n<p>Alkutervehdyksen j\u00e4lkeen lauloi <em>Raimo Viljakainen<\/em> laulun Karjalan kunnailla. Se oli omistettu Viipurin ja Kannaksen Viljakaisille ja sodissa kaatuneille, kadonneille ja taistelleille suvun j\u00e4senille. Wiipurin lauluveikkojen, johon Raimokin kuuluu, kvartetti esitti laulut Rukous ja Suomalainen rukous.<\/p>\n<p>Hartaudessa pastori Viljanen-Pihkala kytki sukunimen Viljakainen viljant\u00e4hk\u00e4\u00e4n ja Neitsyt Mariaan.<\/p>\n<ul>\n<li>Teid\u00e4n sukunne vaakunassa on viljant\u00e4hki\u00e4, mik\u00e4 sopiikin oikein hyvin, kun on kyseess\u00e4 Viljakaisen suku. Vilja-alkuiset sanat ovat jo ammoin tarkoittaneet hedelm\u00e4llist\u00e4, runsasta, viljavaa ja kaikkea mets\u00e4n ja veden riistaa. Samanlaisen t\u00e4hk\u00e4p\u00e4\u00e4n kuva on liitetty usein Jeesuksen \u00e4itiin Mariaan. Se johtuu siit\u00e4, ett\u00e4 Mariaan on yhdistetty Raamatun Laulujen laulusta kohta, jossa sanotaan \u201dSinun vatsasi on vehn\u00e4kumpu, liljoilla ymp\u00e4r\u00f6ity\u201d.<\/li>\n<\/ul>\n<p>Viljan kylv\u00f6, kasvu ja sadon korjaaminen muodostavat kuvaa ihmisest\u00e4, yksil\u00f6n el\u00e4m\u00e4st\u00e4. Niiss\u00e4 n\u00e4hd\u00e4\u00e4n syntyminen, el\u00e4m\u00e4 ja kuolema. Viljan t\u00e4hk\u00e4 kertoo siit\u00e4, mit\u00e4 ihminen on tehnyt ja saanut aikaan el\u00e4m\u00e4ss\u00e4\u00e4n.<\/p>\n<ul>\n<li>Sukup\u00e4ivill\u00e4 katsotaan mielell\u00e4\u00e4n menneisyytt\u00e4, sit\u00e4, millaista satoa menneet sukupolvet ovat tuottaneet, millaisia viljant\u00e4hki\u00e4 suvusta l\u00f6ytyy. P\u00e4iv\u00e4t voisivat olla jokaiselle my\u00f6s oman itsetutkiskelun paikka. Millaista tarinaa ja miten vien sit\u00e4 eteenp\u00e4in omalta osaltani tuleville sukupolville, kysyi pastori.<\/li>\n<\/ul>\n<p>Hartaus p\u00e4\u00e4ttyi Herran siunaukseen ja kanttori <em>Seppo Murron<\/em> s\u00e4est\u00e4m\u00e4\u00e4n virteen Herraa hyv\u00e4\u00e4 kiitt\u00e4k\u00e4\u00e4.<\/p>\n<p><strong>Vaakuna yhdist\u00e4\u00e4 vanhan suvun<\/strong><\/p>\n<p>Sukup\u00e4ivien pitopaikka oli ydinkeskustassa, Rautatientorin l\u00e4heisyydess\u00e4 sijaitseva Hotelli Arthur. Yhteisen lounaan j\u00e4lkeen puheenjohtaja <em>Pekka Viljakainen <\/em>avasi sukup\u00e4iv\u00e4t<em>. <\/em>H\u00e4n toivotti sukulaiset tervetulleiksi ja kiitti kokouksen j\u00e4rjest\u00e4ji\u00e4 kutsusta.<\/p>\n<ul>\n<li>Erityisen mukavaa on se, ett\u00e4 paikalla on entist\u00e4 enemm\u00e4n nuoria Viljakaisia. N\u00e4in t\u00e4m\u00e4 sukuaate siirtyy sukupolvelta toiselle. Seuran j\u00e4senm\u00e4\u00e4r\u00e4n kasvu on my\u00f6s iloinen asia, totesi Pekka Viljakainen.<\/li>\n<\/ul>\n<p>Kokouksen j\u00e4rjest\u00e4jien puolesta toivotti sukulaiset tervetulleiksi valtiotieteen lisensiaatti <em>Jarmo Viljakainen<\/em>. H\u00e4n kohdisti sanansa ensin veteraanisukupolville ja painotti esi-isien ja -\u00e4itien ty\u00f6n ja perinteiden kunnioittamista ja jatkamista.<\/p>\n<ul>\n<li>Perinteen jatkamisessa nuorilla sukupolvilla on tietysti t\u00e4rkein teht\u00e4v\u00e4. Menneiden sukupolvien ty\u00f6n ja ponnistelujen muistaminen on t\u00e4rke\u00e4\u00e4. Sill\u00e4 tavoin saamme my\u00f6s tietoa esi-isist\u00e4mme ja heid\u00e4n el\u00e4m\u00e4st\u00e4\u00e4n.<\/li>\n<\/ul>\n<p>Viljakainen on Savon vanhimpia sukuja, se on ajoitettavissa vahaiskeskiaikaan. Sukunimi on jo l\u00e4hes 600 vuotta vanha ja se oli yksi yleisimmist\u00e4 Savossa 1500-1600 -luvulla. Viljakaisia yhdist\u00e4\u00e4 kelta-musta vaakuna, jossa viljant\u00e4hk\u00e4t ja varsijousi hopeisine nuolineen kertovat omaa vakaata tarinaansa.<\/p>\n<ul>\n<li>Meid\u00e4n on helppo kokoontua yhteisten v\u00e4rien, vaakunamme alle. Se yhdist\u00e4\u00e4 meid\u00e4t sukupolvien pitk\u00e4\u00e4n ketjuun, juuriimme. Vaakunan j\u00e4nnitetyn varsijousen hopeinen nuoli kuvaa jatkuvuutta ja sukuaatteen sanomaa kautta sukupolvien, maalaili Jarmo Viljakainen.<\/li>\n<\/ul>\n<p>&nbsp;<\/p>\n<p><strong>Viljakainen Joroisista edelleen per\u00e4simess\u00e4<\/strong><\/p>\n<p>S\u00e4\u00e4nt\u00f6m\u00e4\u00e4r\u00e4ist\u00e4 kokousta johti j\u00e4rjest\u00f6johtaja <em>Kirsti Viljakainen<\/em> Helsingist\u00e4. Kokous oli keskusteleva ja vilkas, mutta asioiden k\u00e4sittely, my\u00f6s henkil\u00f6vaalit, sujuivat sopuisasti. Sukuseuraa pitk\u00e4\u00e4n luotsannut maanviljelij\u00e4, yritt\u00e4j\u00e4 Pekka Viljakainen Joroisista, valittiin yksimielisesti jatkamaan puheenjohtajana. Ensi vuoden kokouksen pitopaikaksi p\u00e4\u00e4tettiin hallituksen esityksen pohjalta Mikkeli.<\/p>\n<p>Hallitukseen valittiin erovuoroiset uudelleen ja siihen kuuluvat Pekka Viljakaisen lis\u00e4ksi Hannu Viljakainen Joroisista, Leena Teittinen Haukivuorelta, Juhani Veps\u00e4l\u00e4inen Joroisista, Jaakko Viljakainen Mikkelist\u00e4, Pertti Viljakainen Rantasalmelta ja V\u00e4in\u00f6 Viljakainen Virtasalmelta. Varaj\u00e4senin\u00e4 jatkavat Pirjojohanna Viljakainen Kouvolasta, Jarmo Viljakainen Helsingist\u00e4 ja Eveliina Kautto Joroisista.<\/p>\n<p>S\u00e4\u00e4nt\u00f6m\u00e4\u00e4r\u00e4isen kokouksen j\u00e4lkeen sukulaiset esitt\u00e4ytyiv\u00e4t vuorotellen perhekunnittain. V\u00e4liss\u00e4 kuultiin my\u00f6s sukulaisten haastatteluja ja runo- ja musiikkiesityksi\u00e4.<\/p>\n<p>&nbsp;<\/p>\n<p><strong>Sukututkimusta ja meriretki Suomenlinnaan<\/strong><\/p>\n<p>Sukututkija <em>Ahti Kopperi<\/em> kertoi sukukirjan valmistumisen nykyvaiheesta. Kokouksessa oli n\u00e4ht\u00e4vill\u00e4 useiden sukuhaarojen valmiita osuuksia, uusimpana Mikkelin seudun Viljakaiset.<\/p>\n<ul>\n<li>Mikkelin Viljakkalansaaressa on nykyisen tiedon mukaan suvun vanhin sukuhaara, joka on ajoitettavissa 1400-luvulle ja jatkuu varmaan siit\u00e4 taaksep\u00e4inkin. Todenn\u00e4k\u00f6isesti mm. Joroisten ja Rantasalmen Viljakaiset ovat t\u00e4t\u00e4 samaa sukukokonaisuutta, totesi Ahti Kopperi.<\/li>\n<\/ul>\n<p>Viljakaisia on noin 1600, jossa on mukana my\u00f6s omaa sukua Viljakaiset. Suvun juuret ovat Savossa, mutta sit\u00e4 on my\u00f6s Karjalan Kannaksella, Helsingin seudulla, Varsinais-Suomessa ja my\u00f6s muualla maassa. Sukututkija kertoi, ett\u00e4 noin 1500 -sivuinen Viljakaisen sukukirja valmistuu vuoteen 2016 menness\u00e4.<\/p>\n<p>Ensimm\u00e4inen kokousp\u00e4iv\u00e4 p\u00e4\u00e4ttyi merihenkiseen retkeen Suomenlinnaan, joka on yksi maamme kolmesta Unescon maailmaperint\u00f6kohteesta. S\u00e4\u00e4 suosi ja raikas merituuli virkisti mielt\u00e4. Yhteinen illallinen nautittiin ravintolassa Aleksanterinkadun varrella.<\/p>\n<p>&nbsp;<\/p>\n<p><strong>Kukkatervehdys Sankariristille ja Helsingin n\u00e4ht\u00e4vyyksi\u00e4<\/strong><\/p>\n<p>Toinen kokousp\u00e4iv\u00e4 alkoi sankarivainajien muistoa kunnioittaen, kukkatervehdyksell\u00e4 Hietaniemen Sankariristille. Sen j\u00e4lkeen tehtiin kierros sankarihaudoille ja presidenttien haudoille Mannerheimista Rytin ja Paasikiven kautta Kekkoseen.<\/p>\n<p>Hietaniemest\u00e4 l\u00e4hdettiin bussilla kiertoajelulle, jonka aikana tutustuttiin Helsingin t\u00e4rkeimpiin n\u00e4ht\u00e4vyyksiin Olympiastadionista Sibelius -monumenttiin ja Suomen Pankista eduskuntataloon ja musiikkitaloon. Retken aikana pys\u00e4hdyttiin katsomaan tarkemmin vanhoja raitiovaunuja Raideliikennemuseossa ja k\u00e4ytiin my\u00f6s ihailemassa Temppeliaukion kirkkoa. Viljakaisten Helsingin sukup\u00e4iv\u00e4t p\u00e4\u00e4ttyiv\u00e4t yhteiseen tilaisuuteen Ravintola Kappelissa Esplanadin puistossa.<\/p>\n<p>&nbsp;<\/p>\n<p>Jarmo Viljakainen<\/p>\n","protected":false},"excerpt":{"rendered":"<p>Viljakaiset kokoontuivat Helsingiss\u00e4 Pekka Viljakainen jatkaa puheenjohtajana Sukuseura Viljakainen ry kokoontui elokuussa sukup\u00e4iville p\u00e4\u00e4kaupungin ydinkeskustaan. Hartaus Helsingin tuomiokirkossa avasi tilaisuuden. S\u00e4\u00e4nt\u00f6m\u00e4\u00e4r\u00e4inen kokous lounaineen ja puheineen pidettiin Hotelli Arthurissa, ja illalla Viljakaiset k\u00e4viv\u00e4t Suomenlinnassa. Toisen sukup\u00e4iv\u00e4n ohjelmassa olivat sukuseuran kukkatervehdys Hietaniemen sankariristille ja kierros sankarihaudoilla ja presidenttien haudoilla. Sukup\u00e4ivien p\u00e4\u00e4tteeksi katseltiin Helsingin n\u00e4ht\u00e4vyyksi\u00e4 kiertoajelulla ja nautittiin [&hellip;]<\/p>\n","protected":false},"author":1,"featured_media":0,"parent":10,"menu_order":7,"comment_status":"closed","ping_status":"closed","template":"page-templates\/full-width.php","meta":{"footnotes":""},"class_list":["post-144","page","type-page","status-publish","hentry"],"_links":{"self":[{"href":"http:\/\/sukuseuraviljakainen.net\/index.php?rest_route=\/wp\/v2\/pages\/144","targetHints":{"allow":["GET"]}}],"collection":[{"href":"http:\/\/sukuseuraviljakainen.net\/index.php?rest_route=\/wp\/v2\/pages"}],"about":[{"href":"http:\/\/sukuseuraviljakainen.net\/index.php?rest_route=\/wp\/v2\/types\/page"}],"author":[{"embeddable":true,"href":"http:\/\/sukuseuraviljakainen.net\/index.php?rest_route=\/wp\/v2\/users\/1"}],"replies":[{"embeddable":true,"href":"http:\/\/sukuseuraviljakainen.net\/index.php?rest_route=%2Fwp%2Fv2%2Fcomments&post=144"}],"version-history":[{"count":1,"href":"http:\/\/sukuseuraviljakainen.net\/index.php?rest_route=\/wp\/v2\/pages\/144\/revisions"}],"predecessor-version":[{"id":145,"href":"http:\/\/sukuseuraviljakainen.net\/index.php?rest_route=\/wp\/v2\/pages\/144\/revisions\/145"}],"up":[{"embeddable":true,"href":"http:\/\/sukuseuraviljakainen.net\/index.php?rest_route=\/wp\/v2\/pages\/10"}],"wp:attachment":[{"href":"http:\/\/sukuseuraviljakainen.net\/index.php?rest_route=%2Fwp%2Fv2%2Fmedia&parent=144"}],"curies":[{"name":"wp","href":"https:\/\/api.w.org\/{rel}","templated":true}]}}