{"id":140,"date":"2015-04-05T20:10:38","date_gmt":"2015-04-05T17:10:38","guid":{"rendered":"http:\/\/sukuseuraviljakainen.net\/?page_id=140"},"modified":"2024-07-14T21:44:09","modified_gmt":"2024-07-14T18:44:09","slug":"sukupaiva-2012","status":"publish","type":"page","link":"http:\/\/sukuseuraviljakainen.net\/?page_id=140","title":{"rendered":"Sukup\u00e4iv\u00e4 2012"},"content":{"rendered":"<p><strong>Viljakaiset kokoontuivat juurillaan Mikkeliss\u00e4<\/strong><\/p>\n<p>Sukulipun juhlallinen vihkiminen tuomiokirkossa<\/p>\n<p><strong>Sukuseura Viljakainen ry:n sukup\u00e4iv\u00e4 pidettiin hein\u00e4kuussa Mikkeliss\u00e4. Suku on Savon vanhimpia, sen tiedetyt juuret johtavat 1200-1300 -luvulle. Mikkelin seudulla sukua on ollut jo 1400 -luvulla ja Joroisissa 1500 -luvulla. Sukup\u00e4ivien alkuhartaus tuomiokirkossa oli tavallista juhlallisempi, sill\u00e4 siell\u00e4 naulattiin ja vihittiin k\u00e4ytt\u00f6\u00f6n suvun lippu. Perinteisiin kuului my\u00f6s seppeleen lasku sankarihaudoilla. S\u00e4\u00e4nt\u00f6m\u00e4\u00e4r\u00e4isen kokouksen lis\u00e4ksi ohjelmassa oli sukututkimuksen ja tulevan sukukirjan esittely, musiikkiesityksi\u00e4 ja illanvietto.<\/strong><\/p>\n<p>Tuomiokirkon hartaustilaisuus alkoi, kun sukuseuran puheenjohtaja <em>Pekka Viljakainen<\/em> toi uuden sukulipun kirkkoon tankoon k\u00e4\u00e4rittyn\u00e4 ja asetti sen p\u00f6yd\u00e4lle alttarikaiteen eteen. Yhdess\u00e4 lauletun Suvivirren j\u00e4lkeen puheenjohtaja kutsui seuran hallituksen nime\u00e4m\u00e4t kantolipun naulaajat p\u00f6yd\u00e4n \u00e4\u00e4reen. M\u00e4\u00e4r\u00e4tyss\u00e4 j\u00e4rjestyksess\u00e4 kukin, yhteens\u00e4 22 Viljakaista, naulasi oman naulansa tankoon. Puheenjohtaja l\u00f6i naulausperinteen mukaan viimeisen naulan. Sitten h\u00e4n nosti tangon ja avasi uuden lipun suvun n\u00e4ht\u00e4v\u00e4ksi.<\/p>\n<p><strong>\u201dOman lipun alla menneit\u00e4 sukupolvia kunnioittaen!\u201d<\/strong><\/p>\n<p>Perinteisiin kuuluvan sukulippupuheen piti yksi perustajaj\u00e4senist\u00e4, valtiotieteen lisensiaatti <em>Jarmo Viljakainen<\/em> Helsingist\u00e4. H\u00e4n tervehti aluksi sotiemme veteraaneja, kunniaj\u00e4seni\u00e4 ja kaikkia Viljakaisia. Puhuja totesi, ett\u00e4 perinteikk\u00e4\u00e4ss\u00e4 Mikkelin tuomiokirkossa oli menneen vuosisadan aikana pidetty monia merkitt\u00e4vi\u00e4 tilaisuuksia, joiden osallistujista varmaan Suomen Marsalkka Mannerheim on ollut tunnetuin. Kirkko on n\u00e4hnyt monia lippuja, usein my\u00f6s maamme sotalipun. Nyt oli Viljakaisten vuoro liitty\u00e4 lippukulttuurin vaalijoiksi.<\/p>\n<p>Lippukulttuuri on vanhojen tapojen ja lippumenojen vaalimista. Lipun naulaaminen ja vihkiminen ovat keskeinen osa t\u00e4t\u00e4 vanhaa perinnett\u00e4, jossa korostuu lipun ja sit\u00e4 kantavan yhteis\u00f6n t\u00e4rkeys.<\/p>\n<p>&nbsp;<\/p>\n<ul>\n<li>Sotilaiden kantamia lippuja n\u00e4htiin Suomessa jo viikinkiaikana 800 -luvulla ja kun piispa Henrik saapui 1100 -luvulla ristiretkelleen. Suomalaiset joukko-osasto- ja -sotaliput saivat alkunsa keskiajalla. Muiden muassa yksi Suomen sodan sankari, <em>Z. Duncker <\/em>vei lippuja kuninkaalle osoitukseksi kunniakkaan Savon prikaatin voitoista. Dunckerin mukana Suomen Sotaan l\u00e4hti Ristiinasta my\u00f6s Viljakaisia, totesi Jarmo Viljakainen.<\/li>\n<\/ul>\n<p>&nbsp;<\/p>\n<p>Heraldikko, komentajakapteeni <em>Tapani Talarin<\/em> suunnittelemassa lipussa ovat samat kuviot kuin h\u00e4nen luomassaan suvun vaakunassa: viljan t\u00e4hk\u00e4t ja savolainen varsijousi. V\u00e4rit ovat Savon keltainen ja musta.<\/p>\n<p>&nbsp;<\/p>\n<ul>\n<li>Oman lipun alla meit\u00e4 yhdist\u00e4v\u00e4t sukujuuremme ja halu kunnioittaa menneiden sukupolvien ty\u00f6t\u00e4 ja tekoja. Miehi\u00e4 ja naisia, maaseudulla ja kaupungeissa, sodan ja rauhan t\u00f6iss\u00e4. Olavinlinnan rakentajasta 30-vuotisen sodan sotilaaseen. Olkaamme ylpeit\u00e4 suvustamme ja nimest\u00e4mme, joka on Savon vanhimpia. Olkaamme samalla my\u00f6s n\u00f6yri\u00e4 ja kiitollisia t\u00e4ss\u00e4 Herran huoneessa siit\u00e4, ett\u00e4 sukumme on yh\u00e4 voimissaan rakentamassa Suomesta entist\u00e4kin parempaa is\u00e4nmaata, niin Suomen lipun kuin oman sukulippumme alla, sanoi Viljakainen.<\/li>\n<\/ul>\n<p>Puheen j\u00e4lkeen laulettiin virsi Soi kunniaksi Luojan, jonka aikana puheenjohtaja Pekka Viljakainen vei lipun alttarille siunattavaksi. Pappi <em>Mikko Miettinen <\/em>siunasi lipun, sukuseuran ja sen toiminnan. Sen j\u00e4lkeen seurasi Is\u00e4 meid\u00e4n -rukous ja papin lausumana Herran siunaus. Lipun vihkimisseremonia p\u00e4\u00e4ttyi virteen, Herraa hyv\u00e4\u00e4 kiitt\u00e4k\u00e4\u00e4. Lopuksi pappi kertoi viel\u00e4 Mikkelin tuomiokirkon ja seurakunnan historiasta.<\/p>\n<p><strong>Sinivalkoinen seppele<\/strong><strong> sankarihau<\/strong><strong>doille<\/strong><\/p>\n<p>Sinivalkoisen seppeleen lasku sankarihaudoille on aina kuulunut Viljakaisten sukup\u00e4ivien perinteisiin. Viime vuonna se tapahtui Helsingin Hietaniemess\u00e4, Sankariristill\u00e4. Urkumusiikin saattamana, yleis\u00f6n seisoessa, Suomen lippu ja uusi sukulippu poistuivat Mikkelin tuomiokirkosta. Valtiolippua kantoi ryhdikk\u00e4\u00e4sti Mikko Tillanen ja seppelett\u00e4 Anna Tillanen. Sukulippu seurasi per\u00e4ss\u00e4 puheenjohtaja Viljakaisen kantamana.<\/p>\n<p>Suku siirtyi kulkueena l\u00e4hist\u00f6ll\u00e4 olevalle Maaseurakunnan kirkon sankarihautausmaalle. Matkan varrella ohitettiin Vapaussodan muistomerkki. Seppeleen lasku oli koruttoman juhlallinen. Suvun juuri naulattu ja vihitty lippu sai n\u00e4in samalla \u201dtulikasteensa\u201d vanhalla, perinteikk\u00e4\u00e4ll\u00e4 sankarihaudalla<em>.<\/em><\/p>\n<p><strong>Joutuisa kokous, naulaustodistusten jako ja haitarimusiikkia<\/strong><\/p>\n<p>Sukup\u00e4iv\u00e4n j\u00e4rjestelyist\u00e4 vastasivat maanviljelij\u00e4 Jaakko Viljakainen Mikkelin Viljakkalansaaresta, myyntip\u00e4\u00e4llikk\u00f6 Jari Viljakainen Mikkelin kaupungista ja sukuseuran sihteeri Leena Teittinen Haukivuorelta. S\u00e4\u00e4nt\u00f6jen mukainen vuosikokous ja muu ohjelma oli viihtyis\u00e4ss\u00e4 M\u00e4ntyniemess\u00e4, 6 kilometrin p\u00e4\u00e4ss\u00e4 keskustasta. Puhetta johdatteli joutuisasti lakimies Pentti Viljakainen H\u00e4meenlinnasta. Kokouksen sihteerin\u00e4 oli agrologi amk Eveliina Kautto Joroisista.<\/p>\n<p>Puheenjohtaja Pekka Viljakainen jakoi kokouksen j\u00e4lkeen naulaustodistukset kaikille sukulipun naulaajille. Suvun nuoret, Niina Korhonen ja Jari H\u00e4m\u00e4l\u00e4inen, vastasivat p\u00e4iv\u00e4n musiikkiannista ja esittiv\u00e4t haitariduona tunnettuja s\u00e4velmi\u00e4.<\/p>\n<p><strong>Suvun vanhimpia alkujuuria Mikkelin seudulla ja Joroisissa<\/strong><\/p>\n<p>Suurta kiinnostusta her\u00e4tt\u00e4v\u00e4 ohjelmanumero oli sukututkija Ahti Kopperin esitys sukukirjan ja -tutkimuksen nykyvaiheesta.<\/p>\n<ul>\n<li>Eri sukuhaaroja on t\u00e4m\u00e4nhetkisen tutkimuksen mukaan kaikkiaan 11. Savon lis\u00e4ksi sukua on ollut muiden muassa Viipurissa ja muuallakin Karjalan Kannaksella. Kirkonkirjojen mukaan Viljakaisten vanhimpia sukuhaaroja on ollut Mikkelin Viljakkalansaaressa ja Joroisissa, selvitti sukututkija Kopperi.<\/li>\n<\/ul>\n<p>Paikalla olleet suvun j\u00e4senet saivat tutustua omien sukukirjojensa tietoihin ja tehd\u00e4 niihin tarkennuksia ja korjauksia. Moni k\u00e4ytti my\u00f6s hyv\u00e4kseen tilaisuutta keskustella itse sukututkijan kanssa. Viljakaisten sukuteoksesta tulee noin 1500 -sivuinen ja se valmistuu vuonna 2016.<\/p>\n<p>Suvun tutkimus ulottuu l\u00e4helle historiallisen ajan alkua. Muun muassa Puumalan Viljakansaareen ovat Viljakaiset saapuneet jo varhain, arviolta 1200-1400 -luvulla, ja saari on aikoinaan saanut nimens\u00e4 n\u00e4iden ensimm\u00e4isten asuttajiensa mukaan. Nimitutkijat katsovat, ett\u00e4 vanhimmat maininnat nimest\u00e4 Viljakainen (muodossa Veljakaz) l\u00f6ytyv\u00e4t niin sanotuista Novgorodin tuohikirjeist\u00e4 1200-1300 -luvulta.<\/p>\n<p>P\u00e4iv\u00e4n aikana ker\u00e4ttiin sukututkimukseen varoja sukutuotteita myym\u00e4ll\u00e4 ja arpajaisilla. My\u00f6s lahjoituksia otettiin vastaan. Sukup\u00e4ivien iltaohjelma jatkui saunomisella ja mukavalla yhdess\u00e4 ololla. Ensi vuonna 2013 Viljakaiset kokoontuvat Joroisissa.<\/p>\n<p>Jarmo Viljakainen<\/p>\n","protected":false},"excerpt":{"rendered":"<p>Viljakaiset kokoontuivat juurillaan Mikkeliss\u00e4 Sukulipun juhlallinen vihkiminen tuomiokirkossa Sukuseura Viljakainen ry:n sukup\u00e4iv\u00e4 pidettiin hein\u00e4kuussa Mikkeliss\u00e4. Suku on Savon vanhimpia, sen tiedetyt juuret johtavat 1200-1300 -luvulle. Mikkelin seudulla sukua on ollut jo 1400 -luvulla ja Joroisissa 1500 -luvulla. Sukup\u00e4ivien alkuhartaus tuomiokirkossa oli tavallista juhlallisempi, sill\u00e4 siell\u00e4 naulattiin ja vihittiin k\u00e4ytt\u00f6\u00f6n suvun lippu. Perinteisiin kuului my\u00f6s seppeleen [&hellip;]<\/p>\n","protected":false},"author":1,"featured_media":0,"parent":10,"menu_order":6,"comment_status":"closed","ping_status":"closed","template":"page-templates\/full-width.php","meta":{"footnotes":""},"class_list":["post-140","page","type-page","status-publish","hentry"],"_links":{"self":[{"href":"http:\/\/sukuseuraviljakainen.net\/index.php?rest_route=\/wp\/v2\/pages\/140","targetHints":{"allow":["GET"]}}],"collection":[{"href":"http:\/\/sukuseuraviljakainen.net\/index.php?rest_route=\/wp\/v2\/pages"}],"about":[{"href":"http:\/\/sukuseuraviljakainen.net\/index.php?rest_route=\/wp\/v2\/types\/page"}],"author":[{"embeddable":true,"href":"http:\/\/sukuseuraviljakainen.net\/index.php?rest_route=\/wp\/v2\/users\/1"}],"replies":[{"embeddable":true,"href":"http:\/\/sukuseuraviljakainen.net\/index.php?rest_route=%2Fwp%2Fv2%2Fcomments&post=140"}],"version-history":[{"count":2,"href":"http:\/\/sukuseuraviljakainen.net\/index.php?rest_route=\/wp\/v2\/pages\/140\/revisions"}],"predecessor-version":[{"id":142,"href":"http:\/\/sukuseuraviljakainen.net\/index.php?rest_route=\/wp\/v2\/pages\/140\/revisions\/142"}],"up":[{"embeddable":true,"href":"http:\/\/sukuseuraviljakainen.net\/index.php?rest_route=\/wp\/v2\/pages\/10"}],"wp:attachment":[{"href":"http:\/\/sukuseuraviljakainen.net\/index.php?rest_route=%2Fwp%2Fv2%2Fmedia&parent=140"}],"curies":[{"name":"wp","href":"https:\/\/api.w.org\/{rel}","templated":true}]}}