{"id":14,"date":"2013-03-29T14:13:13","date_gmt":"2013-03-29T12:13:13","guid":{"rendered":"http:\/\/sukuseuraviljakainen.net\/wordpress\/?page_id=14"},"modified":"2025-07-04T20:51:29","modified_gmt":"2025-07-04T17:51:29","slug":"sukutuotteet","status":"publish","type":"page","link":"http:\/\/sukuseuraviljakainen.net\/?page_id=14","title":{"rendered":"Sukutuotteet"},"content":{"rendered":"<h3>Viljakaisen suku l-ll -sukukirjapaketti<\/h3>\n<p><strong>Sukukirjapaketin hinta on j\u00e4senille 100 \u20ac ja ei-j\u00e4senille 120 \u20ac + mahdolliset postituskulut.<\/strong> Kirjoja voi noutaa Joroisista tai postitamme ne postiennakolla ilmoittamaanne osoitteeseen. Tilaukset s\u00e4hk\u00f6postilla info@sukuseuraviljakainen.net tai Eveliina Kautto\u00a0p. 040\u00a0521 5091.<\/p>\n<h3><b>Viljakaiset -sukulehti<\/b><b><\/b><\/h3>\n<p><b>29. Viljakaiset -sukulehti<\/b> on ilmestynyt hein\u00e4kuussa 2025. Lehdess\u00e4 kerrotaan mm. Viljakaisten el\u00e4m\u00e4nkertoja, tarinoita sukutiloista ja sukuseuran kuulumisia. Sukulehti l\u00e4hetet\u00e4\u00e4n kaikille j\u00e4senmaksunsa maksaneille j\u00e4senperheille.<\/p>\n<p>Jos ette ole saaneet lehte\u00e4, niin ilmoitattehan siit\u00e4 sukuseuran j\u00e4senasioiden hoitajalle. Ei-j\u00e4senet voivat ostaa sukulehden 6 eurolla (+postituskulut). Sukulehti julkaistaan joka vuosi ja siihen toivotaan tarinoita, kuvia ja juttuideoita sukulaisilta. Lehden &#8221;Henkil\u00f6uutisiin&#8221; voi jokainen j\u00e4sen ilmoittaa omien sukulaistensa perheuutiset. Ota yhteytt\u00e4 sukulehteen liittyen joko sukuseuran yhteyshenkil\u00f6ihin tai laita s\u00e4hk\u00f6postia sukuseuran osoitteeseen <a href=\"mailto:info@sukuseuraviljakainen.net\">info@sukuseuraviljakainen.net<\/a><\/p>\n<h3><b>Sukuvaakuna ja siit\u00e4 tehdyt tuotteet<\/b><b><\/b><\/h3>\n<p>Viljakaisten kes\u00e4n 2007 vuosikokouksessa p\u00e4\u00e4tettiin, ett\u00e4 suunnitellaan ja toteutetaan Viljakaisille oma sukuvaakuna. Kokousv\u00e4est\u00e4 valittiin viisihenkinen &#8221;vaakuna-ty\u00f6ryhm\u00e4&#8221;, joka ideoi vaakunan ulkomuotoa ja asioita, jotka ovat nimenomaan Viljakaisille t\u00e4rkeit\u00e4. T\u00e4rkein\u00e4 asioina nousivat savolaisuus, maahenkisyys, mets\u00e4t ja vedet. Kes\u00e4ll\u00e4 2008 heraldikko Tapani Talari suunnitteli vaakunan ja vuosikokouksessa se esiteltiin kokousv\u00e4elle. Suomen Heraldinen Seura hyv\u00e4ksyi vaakunan rekisteriins\u00e4 6.10.2008 numerolla 1500.<\/p>\n<p>Viljakaisten sukuvaakunasta on tehty <b>is\u00e4nn\u00e4nviirej\u00e4<\/b> (450 cm), <b>p\u00f6yt\u00e4viirej\u00e4, vaakunasein\u00e4tauluja<\/b> (A4 ja A3)<b>, <\/b>brodeerattuja <b>pikee-paitoja<\/b> (naisille vaalea S-XL, miehille tumma\u00a0M-XXL) <b>postimerkkej\u00e4<\/b>, erilaisia <b>postikortteja,<\/b> <b>lippalakkeja, suruadressi <\/b>(12 eri v\u00e4rssy\u00e4\u00a0tai tekstit\u00f6n),<b> <\/b><b>vaakunamuki <\/b>sek\u00e4<b> vaakunapinssi<\/b>. Kes\u00e4n 2013 Joroisten sukup\u00e4iv\u00e4ss\u00e4 esitetyst\u00e4<strong> &#8221;K\u00f6pp\u00f6l\u00e4n kertomaa&#8221; -teatteriesityksest\u00e4 on my\u00f6s tehty dvd-elokuva<\/strong>, jonka voi my\u00f6s tilata. Ostamalla sukuseuran vaakuna-tuotteita tuet samalla sukututkimusta. Tuotteita voit ostaa my\u00f6s lahjaksi muille Viljakaisille esim. merkkip\u00e4iviksi. Tuotteita saat sukup\u00e4ivilt\u00e4 tai tilaamalla s\u00e4hk\u00f6postilla <a href=\"mailto:info@sukuseuraviljakainen.net\">info@sukuseuraviljakainen.net<\/a> tai soittamalla Eveliina Kautolle p. 040 521 5091. Huom! Is\u00e4nn\u00e4nviirej\u00e4, p\u00f6yt\u00e4viirej\u00e4 ja sein\u00e4tauluja myyd\u00e4\u00e4n vain sukuseuran j\u00e4senille.<\/p>\n<p><b>VAAKUNA-TUOTTEIDEN HINNAT (+ mahdolliset postituskulut):\u00a0<\/b><\/p>\n<p><b>Is\u00e4nn\u00e4nviiri 60 \u20ac<\/b><\/p>\n<p><b>P\u00f6yt\u00e4viiri 40 \u20ac<\/b><\/p>\n<p><b>Vaakunataulu A4<\/b><b> 20 \u20ac ja\u00a0<\/b><b>A3 25 \u20ac<\/b><\/p>\n<p><b> Pikee-paita 25 \u20ac (vain naisten vaaleita paitoja j\u00e4ljell\u00e4)<\/b><\/p>\n<p><strong>Lippalakki 15 \u20ac<\/strong><\/p>\n<p><b>Postimerkki 3 \u20ac<\/b><\/p>\n<p><strong> Posti<\/strong><strong>kortti 2 \u20ac<\/strong><\/p>\n<p><strong>Vaakunamuki\u00a012 \u20ac (tuotetta ei ole t\u00e4ll\u00e4 hetkell\u00e4 varastossa)<\/strong><\/p>\n<p><strong>&#8221;K\u00f6pp\u00f6l\u00e4n kertomaa&#8221; -dvd elokuva 10 \u20ac<\/strong><\/p>\n<p><strong>Vaakunapinssi 5 \u20ac<\/strong><\/p>\n<p><b>Suruadressi 12 \u20ac<\/b><\/p>\n<p><em>V\u00e4rssyvaihtoehdot:<\/em><\/p>\n<ul>\n<li>\n<h5><span style=\"color: #333333;\"><em>&#8221;Elon p\u00e4iv\u00e4 iltaan kallistuu, sato kyps\u00e4 maahan painautuu, taipuu t\u00e4ysin\u00e4inen t\u00e4hk\u00e4p\u00e4\u00e4, ty\u00f6 ja muistot aina j\u00e4lkeen j\u00e4\u00e4.&#8221;<\/em><\/span><\/h5>\n<\/li>\n<li>\n<h5><span style=\"color: #333333;\"><em>&#8221;Luoja kauan valmisti viljaa <\/em><em>vuosi vuodelta verkalleen. <\/em><em>Nyt enkelit kyps\u00e4n lyhteen <\/em><em>vei el\u00e4m\u00e4n herralleen.&#8221;<\/em><\/span><\/h5>\n<\/li>\n<li>\n<h5><span style=\"color: #333333;\"><em>&#8221;Murtuu elon siteet, <\/em><em>kaikki h\u00e4vi\u00e4\u00e4. <\/em><em>Muistojen kauniit kiteet <\/em><em>vain pysyviksi j\u00e4\u00e4.&#8221;<\/em><\/span><\/h5>\n<\/li>\n<li>\n<h5><span style=\"color: #333333;\"><em>&#8221;Aika on korjannut viljaa, <\/em><em>sarka jo kynnetty on.&#8221;<\/em><\/span><\/h5>\n<\/li>\n<li>\n<h5><span style=\"color: #333333;\"><i><span style=\"font-family: 'Calibri','sans-serif'; font-size: 11pt;\">\u201dOvat tyyntyneet el\u00e4m\u00e4n tuulet, on vain ikuisuus ja rauha.\u201d<\/span><\/i><\/span><\/h5>\n<\/li>\n<li>\n<h5><span style=\"color: #333333;\"><i><span style=\"font-family: 'Calibri','sans-serif'; font-size: 11pt;\">\u201dLempeille vesille k\u00e4y purtesi tie, kotisatamaan uuteen tuulet vie.\u201d<\/span><\/i><\/span><\/h5>\n<\/li>\n<li>\n<h5><span style=\"color: #333333;\"><i><span style=\"font-family: 'Calibri','sans-serif'; font-size: 11pt;\">\u201dUusi aamu sarastaa, p\u00e4iv\u00e4 kirkas hohtaa. Jokainen n\u00e4in vuorollaan, tien p\u00e4\u00e4ss\u00e4 luojan kohtaa.\u201d<\/span><\/i><\/span><\/h5>\n<\/li>\n<li>\n<h5><span style=\"color: #333333;\"><i><span style=\"font-family: 'Calibri','sans-serif'; font-size: 11pt;\">\u201dT\u00e4\u00e4ll\u00e4 on kuin kukkasella elo lyhyt meill\u00e4, siell\u00e4 ilo loppumaton niin kuin enkeleill\u00e4.\u201d<\/span><\/i><\/span><\/h5>\n<\/li>\n<li>\n<h5><span style=\"color: #333333;\"><i><span style=\"font-family: 'Calibri','sans-serif'; font-size: 11pt;\">\u201dSiell\u00e4, miss\u00e4 nyt olet, kukkii kaunein maa. Siell\u00e4 tuuli lempein puhaltaa.\u201d<\/span><\/i><\/span><\/h5>\n<\/li>\n<li>\n<h5><span style=\"color: #333333;\"><i><span style=\"font-family: 'Calibri','sans-serif'; font-size: 11pt;\">\u201dOn hiljaisuus ja suru sanaton, mut tied\u00e4mme sun hyv\u00e4 olla on.\u201d<\/span><\/i><\/span><\/h5>\n<\/li>\n<li>\n<h5><span style=\"color: #333333;\"><i><span style=\"font-family: 'Calibri','sans-serif'; font-size: 11pt;\">\u201dSiell\u00e4 kukkia t\u00e4ynn\u00e4 on maa, siell\u00e4 uupunut lev\u00e4t\u00e4 saa.\u201d<\/span><\/i><\/span><\/h5>\n<\/li>\n<li>\n<h5><span style=\"color: #333333;\"><i><span style=\"font-family: 'Calibri','sans-serif'; font-size: 11pt;\">\u201dEmme unohda muistoas kaunista, hyv\u00e4\u00e4. Viime leposi olkoon rauhaisaa, syv\u00e4\u00e4.\u201d<\/span><\/i><\/span><\/h5>\n<\/li>\n<\/ul>\n","protected":false},"excerpt":{"rendered":"<p>Viljakaisen suku l-ll -sukukirjapaketti Sukukirjapaketin hinta on j\u00e4senille 100 \u20ac ja ei-j\u00e4senille 120 \u20ac + mahdolliset postituskulut. Kirjoja voi noutaa Joroisista tai postitamme ne postiennakolla ilmoittamaanne osoitteeseen. Tilaukset s\u00e4hk\u00f6postilla info@sukuseuraviljakainen.net tai Eveliina Kautto\u00a0p. 040\u00a0521 5091. Viljakaiset -sukulehti 29. Viljakaiset -sukulehti on ilmestynyt hein\u00e4kuussa 2025. Lehdess\u00e4 kerrotaan mm. Viljakaisten el\u00e4m\u00e4nkertoja, tarinoita sukutiloista ja sukuseuran kuulumisia. Sukulehti [&hellip;]<\/p>\n","protected":false},"author":1,"featured_media":0,"parent":0,"menu_order":5,"comment_status":"closed","ping_status":"closed","template":"page-templates\/front-page.php","meta":{"footnotes":""},"class_list":["post-14","page","type-page","status-publish","hentry"],"_links":{"self":[{"href":"http:\/\/sukuseuraviljakainen.net\/index.php?rest_route=\/wp\/v2\/pages\/14","targetHints":{"allow":["GET"]}}],"collection":[{"href":"http:\/\/sukuseuraviljakainen.net\/index.php?rest_route=\/wp\/v2\/pages"}],"about":[{"href":"http:\/\/sukuseuraviljakainen.net\/index.php?rest_route=\/wp\/v2\/types\/page"}],"author":[{"embeddable":true,"href":"http:\/\/sukuseuraviljakainen.net\/index.php?rest_route=\/wp\/v2\/users\/1"}],"replies":[{"embeddable":true,"href":"http:\/\/sukuseuraviljakainen.net\/index.php?rest_route=%2Fwp%2Fv2%2Fcomments&post=14"}],"version-history":[{"count":19,"href":"http:\/\/sukuseuraviljakainen.net\/index.php?rest_route=\/wp\/v2\/pages\/14\/revisions"}],"predecessor-version":[{"id":401,"href":"http:\/\/sukuseuraviljakainen.net\/index.php?rest_route=\/wp\/v2\/pages\/14\/revisions\/401"}],"wp:attachment":[{"href":"http:\/\/sukuseuraviljakainen.net\/index.php?rest_route=%2Fwp%2Fv2%2Fmedia&parent=14"}],"curies":[{"name":"wp","href":"https:\/\/api.w.org\/{rel}","templated":true}]}}