{"id":10,"date":"2013-03-29T14:11:06","date_gmt":"2013-03-29T12:11:06","guid":{"rendered":"http:\/\/sukuseuraviljakainen.net\/wordpress\/?page_id=10"},"modified":"2025-07-04T20:57:03","modified_gmt":"2025-07-04T17:57:03","slug":"sukupaivat","status":"publish","type":"page","link":"http:\/\/sukuseuraviljakainen.net\/?page_id=10","title":{"rendered":"Sukup\u00e4iv\u00e4t"},"content":{"rendered":"<p><strong>Tervetuloa sukup\u00e4iv\u00e4\u00e4n Hein\u00e4vedelle!<\/strong><\/p>\n<p><strong>Sukuseura Viljakainen ry kutsuu Viljakaiset sukup\u00e4iv\u00e4\u00e4n ja s\u00e4\u00e4nt\u00f6m\u00e4\u00e4r\u00e4iseen vuosikokoukseen la 2.8.2025 Valamon luostariin Hein\u00e4vedelle (Valamontie 42).<\/strong><\/p>\n<p><strong>SUKUP\u00c4IV\u00c4N OHJELMA:<\/strong><\/p>\n<p>klo 10.00\u00a0\u00a0\u00a0\u00a0\u00a0 Valamon luostarin opastuskierros<\/p>\n<p>klo 11.00\u00a0\u00a0\u00a0\u00a0\u00a0 Lounas noutop\u00f6yd\u00e4st\u00e4, ravintola Trapesa<\/p>\n<p>klo 11.45\u00a0\u00a0\u00a0\u00a0\u00a0 Ilmoittautuminen sukup\u00e4iv\u00e4\u00e4n ja vuosikokoukseen, Kulttuurikeskuksen sali<\/p>\n<p>klo 12.00\u00a0\u00a0\u00a0\u00a0\u00a0 S\u00e4\u00e4nt\u00f6m\u00e4\u00e4r\u00e4inen vuosikokous, Kulttuurikeskuksen sali<\/p>\n<p>klo 13.00\u00a0\u00a0\u00a0\u00a0\u00a0 Yhteiskuva Valamon luostarin edess\u00e4<\/p>\n<p>klo 13.30\u00a0\u00a0\u00a0\u00a0\u00a0 Kanavaristeily m\/s Sergei, Valamo-Varistaipaleen kanava<\/p>\n<p>klo 15.00\u00a0\u00a0\u00a0\u00a0\u00a0 Siirtyminen bussilla Varistaipaleelta Lintulan luostariin<\/p>\n<p>klo 15.30\u00a0\u00a0\u00a0\u00a0\u00a0 Lintulan luostarin opastuskierros<\/p>\n<p>klo 16.30\u00a0\u00a0\u00a0\u00a0\u00a0 Siirtyminen bussilla Valamon luostariin<\/p>\n<p>klo 17.00\u00a0\u00a0\u00a0\u00a0\u00a0 Iltapala noutop\u00f6yd\u00e4st\u00e4, ravintola Trapesa<\/p>\n<p>klo 18.00\u00a0\u00a0\u00a0\u00a0\u00a0 Kotimatka alkaa<\/p>\n<p><strong>Sukup\u00e4iv\u00e4\u00e4n j\u00e4rjestet\u00e4\u00e4n edestakainen bussikuljetus seuraavan aikataulun mukaisesti:<\/strong><\/p>\n<p>klo 7.45\u00a0\u00a0\u00a0\u00a0\u00a0\u00a0\u00a0 Matkakeskus Mikkeli<\/p>\n<p>klo 8.15\u00a0\u00a0\u00a0\u00a0\u00a0\u00a0\u00a0 ABC Juva<\/p>\n<p>klo 8.45\u00a0\u00a0\u00a0\u00a0\u00a0\u00a0\u00a0 Jari-Pekka Joroinen<\/p>\n<p>klo 9.00\u00a0\u00a0\u00a0\u00a0\u00a0\u00a0\u00a0 ABC Varkaus<\/p>\n<p>Bussikuljetuksesta vastaa Vihavaisen Taksi Rantasalmelta ja bussiin p\u00e4\u00e4see ennakkoilmoittautumisen mukaisesti edell\u00e4 mainituista paikoista. <strong>Kuljetuksen edestakainen maksu 20 \u20ac\/hl\u00f6.<\/strong><\/p>\n<p><strong>Sukup\u00e4iv\u00e4n osallistumismaksu (ohjelman mukaiset ruokailut, opastukset ja risteily) aikuisilta 50 \u20ac\/hl\u00f6, lapset 4-16 v. 25 \u20ac\/hl\u00f6 ja alle 4-vuotiaat ilmaiseksi. <\/strong>Ilmoitathan mahdolliset ruoka-aineallergiat ilmoittautumisen yhteydess\u00e4. Sukup\u00e4iv\u00e4n osallistumismaksun ja bussikuljetuksen maksun voit suorittaa etuk\u00e4teen kestoviitenumeroasi k\u00e4ytt\u00e4en Sukuseura Viljakainen ry:n tilille Joroisten Oma S\u00e4\u00e4st\u00f6pankki FI75 4108 0011 3701 48.<\/p>\n<p><strong>Ilmoittautumiset sukup\u00e4iv\u00e4\u00e4n ja <\/strong><strong style=\"font-size: 1rem;\">bussikuljetukseen pe 25.7.2025 menness\u00e4:<\/strong><\/p>\n<p>Paula Pulliainen p. 044 972 5405 tai\u00a0Terttu Parkkonen p. 050 345 4378 tai <a href=\"mailto:info@sukuseuraviljakainen.net\">info@sukuseuraviljakainen.net<\/a><\/p>\n<p><em>Huom!<\/em> Jos haluat ostaa sukup\u00e4iv\u00e4ss\u00e4 sukuvaakunatuotteita tai sukukirjapaketin, niin teeth\u00e4n varaukset etuk\u00e4teen Eveliina Kautto p. 040\u00a0521 5091.<\/p>\n<p><strong>\u00a0<\/strong><strong><em>Sukuseura Viljakainen ry hallitus<\/em><\/strong><\/p>\n","protected":false},"excerpt":{"rendered":"<p>Tervetuloa sukup\u00e4iv\u00e4\u00e4n Hein\u00e4vedelle! Sukuseura Viljakainen ry kutsuu Viljakaiset sukup\u00e4iv\u00e4\u00e4n ja s\u00e4\u00e4nt\u00f6m\u00e4\u00e4r\u00e4iseen vuosikokoukseen la 2.8.2025 Valamon luostariin Hein\u00e4vedelle (Valamontie 42). SUKUP\u00c4IV\u00c4N OHJELMA: klo 10.00\u00a0\u00a0\u00a0\u00a0\u00a0 Valamon luostarin opastuskierros klo 11.00\u00a0\u00a0\u00a0\u00a0\u00a0 Lounas noutop\u00f6yd\u00e4st\u00e4, ravintola Trapesa klo 11.45\u00a0\u00a0\u00a0\u00a0\u00a0 Ilmoittautuminen sukup\u00e4iv\u00e4\u00e4n ja vuosikokoukseen, Kulttuurikeskuksen sali klo 12.00\u00a0\u00a0\u00a0\u00a0\u00a0 S\u00e4\u00e4nt\u00f6m\u00e4\u00e4r\u00e4inen vuosikokous, Kulttuurikeskuksen sali klo 13.00\u00a0\u00a0\u00a0\u00a0\u00a0 Yhteiskuva Valamon luostarin edess\u00e4 klo 13.30\u00a0\u00a0\u00a0\u00a0\u00a0 Kanavaristeily [&hellip;]<\/p>\n","protected":false},"author":1,"featured_media":0,"parent":0,"menu_order":3,"comment_status":"closed","ping_status":"closed","template":"page-templates\/full-width.php","meta":{"footnotes":""},"class_list":["post-10","page","type-page","status-publish","hentry"],"_links":{"self":[{"href":"http:\/\/sukuseuraviljakainen.net\/index.php?rest_route=\/wp\/v2\/pages\/10","targetHints":{"allow":["GET"]}}],"collection":[{"href":"http:\/\/sukuseuraviljakainen.net\/index.php?rest_route=\/wp\/v2\/pages"}],"about":[{"href":"http:\/\/sukuseuraviljakainen.net\/index.php?rest_route=\/wp\/v2\/types\/page"}],"author":[{"embeddable":true,"href":"http:\/\/sukuseuraviljakainen.net\/index.php?rest_route=\/wp\/v2\/users\/1"}],"replies":[{"embeddable":true,"href":"http:\/\/sukuseuraviljakainen.net\/index.php?rest_route=%2Fwp%2Fv2%2Fcomments&post=10"}],"version-history":[{"count":26,"href":"http:\/\/sukuseuraviljakainen.net\/index.php?rest_route=\/wp\/v2\/pages\/10\/revisions"}],"predecessor-version":[{"id":404,"href":"http:\/\/sukuseuraviljakainen.net\/index.php?rest_route=\/wp\/v2\/pages\/10\/revisions\/404"}],"wp:attachment":[{"href":"http:\/\/sukuseuraviljakainen.net\/index.php?rest_route=%2Fwp%2Fv2%2Fmedia&parent=10"}],"curies":[{"name":"wp","href":"https:\/\/api.w.org\/{rel}","templated":true}]}}